{"id":7244,"date":"2026-02-08T17:53:21","date_gmt":"2026-02-08T17:53:21","guid":{"rendered":"https:\/\/lartaly.com\/?post_type=product&#038;p=7244"},"modified":"2026-02-09T16:10:01","modified_gmt":"2026-02-09T16:10:01","slug":"ocres-de-roussillon-et-camarguais","status":"publish","type":"product","link":"https:\/\/lartaly.com\/fr\/produit\/ocres-de-roussillon-et-camarguais\/","title":{"rendered":"Ocres de Roussillon et camarguais"},"content":{"rendered":"<p>Cette peinture met en sc\u00e8ne la rencontre silencieuse entre un taureau noir et un cheval blanc, figures embl\u00e9matiques de la Camargue, dans un paysage min\u00e9ral aux teintes chaudes inspir\u00e9es des ocres du Roussillon. Le contraste puissant entre les deux animaux, autant que celui des couleurs, \u00e9voque un \u00e9quilibre fragile entre force et douceur, ancrage et contemplation.<\/p>\n","protected":false},"excerpt":{"rendered":"<p>Un taureau camarguais et un cheval blanc partagent un m\u00eame territoire min\u00e9ral aux ocres inspir\u00e9s du Roussillon. Pr\u00e9sents depuis longtemps dans ce paysage travers\u00e9 d\u2019eau, ils coexistent dans un \u00e9quilibre silencieux, faits de vigilance et de respect mutuel. Le contraste des formes et des couleurs se compl\u00e8te, inscrivant la sc\u00e8ne dans une temporalit\u00e9 calme et durable.<\/p>\n","protected":false},"featured_media":7245,"comment_status":"open","ping_status":"closed","template":"","meta":{"_uag_custom_page_level_css":""},"product_brand":[73],"product_cat":[65],"product_tag":[104,112],"class_list":{"0":"post-7244","1":"product","2":"type-product","3":"status-publish","4":"has-post-thumbnail","6":"product_brand-50x61","7":"product_cat-toile","8":"product_tag-animaux","9":"product_tag-bleu","11":"first","12":"instock","13":"shipping-taxable","14":"purchasable","15":"product-type-simple"},"uagb_featured_image_src":{"full":["https:\/\/lartaly.com\/wp-content\/uploads\/2026\/02\/20260208_110852-scaled.jpg",2560,2034,false],"thumbnail":["https:\/\/lartaly.com\/wp-content\/uploads\/2026\/02\/20260208_110852-150x150.jpg",150,150,true],"medium":["https:\/\/lartaly.com\/wp-content\/uploads\/2026\/02\/20260208_110852-300x238.jpg",300,238,true],"medium_large":["https:\/\/lartaly.com\/wp-content\/uploads\/2026\/02\/20260208_110852-768x610.jpg",768,610,true],"large":["https:\/\/lartaly.com\/wp-content\/uploads\/2026\/02\/20260208_110852-1024x814.jpg",1024,814,true],"1536x1536":["https:\/\/lartaly.com\/wp-content\/uploads\/2026\/02\/20260208_110852-1536x1220.jpg",1536,1220,true],"2048x2048":["https:\/\/lartaly.com\/wp-content\/uploads\/2026\/02\/20260208_110852-2048x1627.jpg",2048,1627,true],"trp-custom-language-flag":["https:\/\/lartaly.com\/wp-content\/uploads\/2026\/02\/20260208_110852-15x12.jpg",15,12,true],"wishsuite-image":["https:\/\/lartaly.com\/wp-content\/uploads\/2026\/02\/20260208_110852-150x150.jpg",150,150,true],"woocommerce_thumbnail":["https:\/\/lartaly.com\/wp-content\/uploads\/2026\/02\/20260208_110852-300x300.jpg",300,300,true],"woocommerce_single":["https:\/\/lartaly.com\/wp-content\/uploads\/2026\/02\/20260208_110852-600x477.jpg",600,477,true],"woocommerce_gallery_thumbnail":["https:\/\/lartaly.com\/wp-content\/uploads\/2026\/02\/20260208_110852-100x100.jpg",100,100,true]},"uagb_author_info":{"display_name":"Taly","author_link":"https:\/\/lartaly.com\/fr\/author\/"},"uagb_comment_info":0,"uagb_excerpt":"Un taureau camarguais et un cheval blanc partagent un m\u00eame territoire min\u00e9ral aux ocres inspir\u00e9s du Roussillon. Pr\u00e9sents depuis longtemps dans ce paysage travers\u00e9 d\u2019eau, ils coexistent dans un \u00e9quilibre silencieux, faits de vigilance et de respect mutuel. Le contraste des formes et des couleurs se compl\u00e8te, inscrivant la sc\u00e8ne dans une temporalit\u00e9 calme et\u2026","_links":{"self":[{"href":"https:\/\/lartaly.com\/fr\/wp-json\/wp\/v2\/product\/7244","targetHints":{"allow":["GET"]}}],"collection":[{"href":"https:\/\/lartaly.com\/fr\/wp-json\/wp\/v2\/product"}],"about":[{"href":"https:\/\/lartaly.com\/fr\/wp-json\/wp\/v2\/types\/product"}],"replies":[{"embeddable":true,"href":"https:\/\/lartaly.com\/fr\/wp-json\/wp\/v2\/comments?post=7244"}],"wp:featuredmedia":[{"embeddable":true,"href":"https:\/\/lartaly.com\/fr\/wp-json\/wp\/v2\/media\/7245"}],"wp:attachment":[{"href":"https:\/\/lartaly.com\/fr\/wp-json\/wp\/v2\/media?parent=7244"}],"wp:term":[{"taxonomy":"product_brand","embeddable":true,"href":"https:\/\/lartaly.com\/fr\/wp-json\/wp\/v2\/product_brand?post=7244"},{"taxonomy":"product_cat","embeddable":true,"href":"https:\/\/lartaly.com\/fr\/wp-json\/wp\/v2\/product_cat?post=7244"},{"taxonomy":"product_tag","embeddable":true,"href":"https:\/\/lartaly.com\/fr\/wp-json\/wp\/v2\/product_tag?post=7244"}],"curies":[{"name":"wp","href":"https:\/\/api.w.org\/{rel}","templated":true}]}}