{"id":6287,"date":"2025-04-02T13:07:36","date_gmt":"2025-04-02T13:07:36","guid":{"rendered":"https:\/\/lartaly.com\/?post_type=product&#038;p=6287"},"modified":"2026-02-09T11:06:01","modified_gmt":"2026-02-09T11:06:01","slug":"the-shadow-of-the-raptor","status":"publish","type":"product","link":"https:\/\/lartaly.com\/fr\/produit\/the-shadow-of-the-raptor\/","title":{"rendered":"The shadow of the raptor"},"content":{"rendered":"<p>Naissance, mort et renaissance : le raptor veille sur ses \u0153ufs dans un ciel surr\u00e9aliste inspir\u00e9 de Dali. Le cycle \u00e9ternel de la vie,\u00a0 rien ne dispara\u00eet, tout se transforme sans cesse. Le ciel transporte le spectateur dans un r\u00eave o\u00f9 r\u00e9el et imaginaire se rencontrent, tandis que la barque catalane \u00e9voque voyage et passage.<\/p>\n","protected":false},"excerpt":{"rendered":"<p><strong>Acrylique sur toile encadr\u00e9e, caisse am\u00e9ricaine profil escalier<\/strong><\/p>\n<p>Les dinosaures, fascinants reptiles disparus \u00e0 la fin du Cr\u00e9tac\u00e9, ont laiss\u00e9 une empreinte ind\u00e9l\u00e9bile dans notre imagination. Ici, le raptor devient le gardien de ce myst\u00e8re et de cette m\u00e9moire.<\/p>\n","protected":false},"featured_media":6498,"comment_status":"open","ping_status":"closed","template":"","meta":{"_uag_custom_page_level_css":""},"product_brand":[110],"product_cat":[65],"product_tag":[104,100,83,102,120],"class_list":{"0":"post-6287","1":"product","2":"type-product","3":"status-publish","4":"has-post-thumbnail","6":"product_brand-100x120","7":"product_cat-toile","8":"product_tag-animaux","9":"product_tag-eau","10":"product_tag-mer","11":"product_tag-paysage","12":"product_tag-surrealisme","14":"first","15":"instock","16":"sold-individually","17":"shipping-taxable","18":"purchasable","19":"product-type-simple"},"uagb_featured_image_src":{"full":["https:\/\/lartaly.com\/wp-content\/uploads\/2025\/11\/20251102_162446-scaled.jpg",2560,1829,false],"thumbnail":["https:\/\/lartaly.com\/wp-content\/uploads\/2025\/11\/20251102_162446-150x150.jpg",150,150,true],"medium":["https:\/\/lartaly.com\/wp-content\/uploads\/2025\/11\/20251102_162446-300x214.jpg",300,214,true],"medium_large":["https:\/\/lartaly.com\/wp-content\/uploads\/2025\/11\/20251102_162446-768x549.jpg",768,549,true],"large":["https:\/\/lartaly.com\/wp-content\/uploads\/2025\/11\/20251102_162446-1024x731.jpg",1024,731,true],"1536x1536":["https:\/\/lartaly.com\/wp-content\/uploads\/2025\/11\/20251102_162446-1536x1097.jpg",1536,1097,true],"2048x2048":["https:\/\/lartaly.com\/wp-content\/uploads\/2025\/11\/20251102_162446-2048x1463.jpg",2048,1463,true],"trp-custom-language-flag":["https:\/\/lartaly.com\/wp-content\/uploads\/2025\/11\/20251102_162446-18x12.jpg",18,12,true],"wishsuite-image":["https:\/\/lartaly.com\/wp-content\/uploads\/2025\/11\/20251102_162446-150x150.jpg",150,150,true],"woocommerce_thumbnail":["https:\/\/lartaly.com\/wp-content\/uploads\/2025\/11\/20251102_162446-300x300.jpg",300,300,true],"woocommerce_single":["https:\/\/lartaly.com\/wp-content\/uploads\/2025\/11\/20251102_162446-600x429.jpg",600,429,true],"woocommerce_gallery_thumbnail":["https:\/\/lartaly.com\/wp-content\/uploads\/2025\/11\/20251102_162446-100x100.jpg",100,100,true]},"uagb_author_info":{"display_name":"Taly","author_link":"https:\/\/lartaly.com\/fr\/author\/"},"uagb_comment_info":0,"uagb_excerpt":"Acrylique sur toile encadr\u00e9e, caisse am\u00e9ricaine profil escalier Les dinosaures, fascinants reptiles disparus \u00e0 la fin du Cr\u00e9tac\u00e9, ont laiss\u00e9 une empreinte ind\u00e9l\u00e9bile dans notre imagination. Ici, le raptor devient le gardien de ce myst\u00e8re et de cette m\u00e9moire.","_links":{"self":[{"href":"https:\/\/lartaly.com\/fr\/wp-json\/wp\/v2\/product\/6287","targetHints":{"allow":["GET"]}}],"collection":[{"href":"https:\/\/lartaly.com\/fr\/wp-json\/wp\/v2\/product"}],"about":[{"href":"https:\/\/lartaly.com\/fr\/wp-json\/wp\/v2\/types\/product"}],"replies":[{"embeddable":true,"href":"https:\/\/lartaly.com\/fr\/wp-json\/wp\/v2\/comments?post=6287"}],"wp:featuredmedia":[{"embeddable":true,"href":"https:\/\/lartaly.com\/fr\/wp-json\/wp\/v2\/media\/6498"}],"wp:attachment":[{"href":"https:\/\/lartaly.com\/fr\/wp-json\/wp\/v2\/media?parent=6287"}],"wp:term":[{"taxonomy":"product_brand","embeddable":true,"href":"https:\/\/lartaly.com\/fr\/wp-json\/wp\/v2\/product_brand?post=6287"},{"taxonomy":"product_cat","embeddable":true,"href":"https:\/\/lartaly.com\/fr\/wp-json\/wp\/v2\/product_cat?post=6287"},{"taxonomy":"product_tag","embeddable":true,"href":"https:\/\/lartaly.com\/fr\/wp-json\/wp\/v2\/product_tag?post=6287"}],"curies":[{"name":"wp","href":"https:\/\/api.w.org\/{rel}","templated":true}]}}