{"id":5367,"date":"2025-02-03T10:05:54","date_gmt":"2025-02-03T10:05:54","guid":{"rendered":"https:\/\/lartaly.com\/?post_type=product&#038;p=5367"},"modified":"2026-01-14T22:22:19","modified_gmt":"2026-01-14T22:22:19","slug":"le-cachalot-et-le-plongeur","status":"publish","type":"product","link":"https:\/\/lartaly.com\/fr\/produit\/le-cachalot-et-le-plongeur\/","title":{"rendered":"Le cachalot et le plongeur"},"content":{"rendered":"<p><span style=\"font-size: 20px;\">Fascin\u00e9e par le monde marin, il fallait que mon pinceau retranscrive les sensations du <\/span><span style=\"font-size: 20px;\">plongeur dans son approche face \u00e0 ce b\u00e9b\u00e9 cachalot. <\/span><span style=\"font-size: 20px;\">La m\u00e8re lui a confi\u00e9 son petit, <\/span><span style=\"font-size: 20px;\">avant de plonger dans les profondeurs chasser le calamar.<\/span><\/p>\n","protected":false},"excerpt":{"rendered":"<p><span style=\"font-size: 18px;\"><strong>Acrylique sur toile encadrement bois fonc\u00e9 bleu<\/strong><\/span><\/p>\n<p><span style=\"font-size: 18px;\">Fascin\u00e9e par le monde marin, il fallait que mon pinceau retranscrive les sensations d&rsquo;un <\/span><span style=\"font-size: 18px;\">plongeur face \u00e0 ce g\u00e9ant des mers.<\/span><\/p>\n","protected":false},"featured_media":7106,"comment_status":"closed","ping_status":"closed","template":"","meta":{"_uag_custom_page_level_css":""},"product_brand":[81],"product_cat":[66],"product_tag":[104],"class_list":{"0":"post-5367","1":"product","2":"type-product","3":"status-publish","4":"has-post-thumbnail","6":"product_brand-58x81","7":"product_cat-rouleau","8":"product_tag-animaux","10":"first","11":"instock","12":"sold-individually","13":"shipping-taxable","14":"purchasable","15":"product-type-simple"},"uagb_featured_image_src":{"full":["https:\/\/lartaly.com\/wp-content\/uploads\/2026\/01\/ART06372-scaled.jpg",2560,1874,false],"thumbnail":["https:\/\/lartaly.com\/wp-content\/uploads\/2026\/01\/ART06372-150x150.jpg",150,150,true],"medium":["https:\/\/lartaly.com\/wp-content\/uploads\/2026\/01\/ART06372-300x220.jpg",300,220,true],"medium_large":["https:\/\/lartaly.com\/wp-content\/uploads\/2026\/01\/ART06372-768x562.jpg",768,562,true],"large":["https:\/\/lartaly.com\/wp-content\/uploads\/2026\/01\/ART06372-1024x750.jpg",1024,750,true],"1536x1536":["https:\/\/lartaly.com\/wp-content\/uploads\/2026\/01\/ART06372-1536x1124.jpg",1536,1124,true],"2048x2048":["https:\/\/lartaly.com\/wp-content\/uploads\/2026\/01\/ART06372-2048x1499.jpg",2048,1499,true],"trp-custom-language-flag":["https:\/\/lartaly.com\/wp-content\/uploads\/2026\/01\/ART06372-16x12.jpg",16,12,true],"wishsuite-image":["https:\/\/lartaly.com\/wp-content\/uploads\/2026\/01\/ART06372-150x150.jpg",150,150,true],"woocommerce_thumbnail":["https:\/\/lartaly.com\/wp-content\/uploads\/2026\/01\/ART06372-300x300.jpg",300,300,true],"woocommerce_single":["https:\/\/lartaly.com\/wp-content\/uploads\/2026\/01\/ART06372-600x439.jpg",600,439,true],"woocommerce_gallery_thumbnail":["https:\/\/lartaly.com\/wp-content\/uploads\/2026\/01\/ART06372-100x100.jpg",100,100,true]},"uagb_author_info":{"display_name":"Taly","author_link":"https:\/\/lartaly.com\/fr\/author\/"},"uagb_comment_info":0,"uagb_excerpt":"Acrylique sur toile encadrement bois fonc\u00e9 bleu Fascin\u00e9e par le monde marin, il fallait que mon pinceau retranscrive les sensations d'un plongeur face \u00e0 ce g\u00e9ant des mers.","_links":{"self":[{"href":"https:\/\/lartaly.com\/fr\/wp-json\/wp\/v2\/product\/5367","targetHints":{"allow":["GET"]}}],"collection":[{"href":"https:\/\/lartaly.com\/fr\/wp-json\/wp\/v2\/product"}],"about":[{"href":"https:\/\/lartaly.com\/fr\/wp-json\/wp\/v2\/types\/product"}],"replies":[{"embeddable":true,"href":"https:\/\/lartaly.com\/fr\/wp-json\/wp\/v2\/comments?post=5367"}],"wp:featuredmedia":[{"embeddable":true,"href":"https:\/\/lartaly.com\/fr\/wp-json\/wp\/v2\/media\/7106"}],"wp:attachment":[{"href":"https:\/\/lartaly.com\/fr\/wp-json\/wp\/v2\/media?parent=5367"}],"wp:term":[{"taxonomy":"product_brand","embeddable":true,"href":"https:\/\/lartaly.com\/fr\/wp-json\/wp\/v2\/product_brand?post=5367"},{"taxonomy":"product_cat","embeddable":true,"href":"https:\/\/lartaly.com\/fr\/wp-json\/wp\/v2\/product_cat?post=5367"},{"taxonomy":"product_tag","embeddable":true,"href":"https:\/\/lartaly.com\/fr\/wp-json\/wp\/v2\/product_tag?post=5367"}],"curies":[{"name":"wp","href":"https:\/\/api.w.org\/{rel}","templated":true}]}}