{"id":5366,"date":"2025-02-01T20:28:09","date_gmt":"2025-02-01T20:28:09","guid":{"rendered":"https:\/\/lartaly.com\/?post_type=product&#038;p=5366"},"modified":"2026-01-20T01:34:59","modified_gmt":"2026-01-20T01:34:59","slug":"les-mains-sur-les-yeux","status":"publish","type":"product","link":"https:\/\/lartaly.com\/fr\/produit\/les-mains-sur-les-yeux\/","title":{"rendered":"Les mains sur les yeux"},"content":{"rendered":"<p><span style=\"font-size: 20px;\">L&rsquo;expression du regard de la petite fille et la main sur les yeux de sa poup\u00e9e sont significatifs. Les blessures , la d\u00e9tresse sont des \u00e9motions que j&rsquo;ai besoin de partager.<\/span><br \/>\n<span style=\"font-size: 20px;\">Les personnages sont en gris pour repr\u00e9senter la tristesse, et le fond bleu de prusse apporte de la profondeur \u00e0 la sc\u00e8ne.<\/span><\/p>\n","protected":false},"excerpt":{"rendered":"<p><span style=\"font-size: 18px;\"><strong>Acrylique sur toile<\/strong><\/span><\/p>\n<p><span style=\"font-size: 18px;\">Le partage des \u00e9motions dans une sc\u00e8ne qui semble anodine.<\/span><\/p>\n","protected":false},"featured_media":5539,"comment_status":"closed","ping_status":"closed","template":"","meta":{"_uag_custom_page_level_css":""},"product_brand":[80],"product_cat":[66],"product_tag":[103],"class_list":{"0":"post-5366","1":"product","2":"type-product","3":"status-publish","4":"has-post-thumbnail","6":"product_brand-58x44-5","7":"product_cat-rouleau","8":"product_tag-personnage","10":"first","11":"instock","12":"sold-individually","13":"shipping-taxable","14":"purchasable","15":"product-type-simple"},"uagb_featured_image_src":{"full":["https:\/\/lartaly.com\/wp-content\/uploads\/2025\/02\/DSC06135-scaled.jpg",2027,2560,false],"thumbnail":["https:\/\/lartaly.com\/wp-content\/uploads\/2025\/02\/DSC06135-150x150.jpg",150,150,true],"medium":["https:\/\/lartaly.com\/wp-content\/uploads\/2025\/02\/DSC06135-237x300.jpg",237,300,true],"medium_large":["https:\/\/lartaly.com\/wp-content\/uploads\/2025\/02\/DSC06135-768x970.jpg",768,970,true],"large":["https:\/\/lartaly.com\/wp-content\/uploads\/2025\/02\/DSC06135-811x1024.jpg",811,1024,true],"1536x1536":["https:\/\/lartaly.com\/wp-content\/uploads\/2025\/02\/DSC06135-1216x1536.jpg",1216,1536,true],"2048x2048":["https:\/\/lartaly.com\/wp-content\/uploads\/2025\/02\/DSC06135-1621x2048.jpg",1621,2048,true],"trp-custom-language-flag":["https:\/\/lartaly.com\/wp-content\/uploads\/2025\/02\/DSC06135-9x12.jpg",9,12,true],"wishsuite-image":["https:\/\/lartaly.com\/wp-content\/uploads\/2025\/02\/DSC06135-150x150.jpg",150,150,true],"woocommerce_thumbnail":["https:\/\/lartaly.com\/wp-content\/uploads\/2025\/02\/DSC06135-300x300.jpg",300,300,true],"woocommerce_single":["https:\/\/lartaly.com\/wp-content\/uploads\/2025\/02\/DSC06135-600x758.jpg",600,758,true],"woocommerce_gallery_thumbnail":["https:\/\/lartaly.com\/wp-content\/uploads\/2025\/02\/DSC06135-100x100.jpg",100,100,true]},"uagb_author_info":{"display_name":"Taly","author_link":"https:\/\/lartaly.com\/fr\/author\/"},"uagb_comment_info":0,"uagb_excerpt":"Acrylique sur toile Le partage des \u00e9motions dans une sc\u00e8ne qui semble anodine.","_links":{"self":[{"href":"https:\/\/lartaly.com\/fr\/wp-json\/wp\/v2\/product\/5366","targetHints":{"allow":["GET"]}}],"collection":[{"href":"https:\/\/lartaly.com\/fr\/wp-json\/wp\/v2\/product"}],"about":[{"href":"https:\/\/lartaly.com\/fr\/wp-json\/wp\/v2\/types\/product"}],"replies":[{"embeddable":true,"href":"https:\/\/lartaly.com\/fr\/wp-json\/wp\/v2\/comments?post=5366"}],"wp:featuredmedia":[{"embeddable":true,"href":"https:\/\/lartaly.com\/fr\/wp-json\/wp\/v2\/media\/5539"}],"wp:attachment":[{"href":"https:\/\/lartaly.com\/fr\/wp-json\/wp\/v2\/media?parent=5366"}],"wp:term":[{"taxonomy":"product_brand","embeddable":true,"href":"https:\/\/lartaly.com\/fr\/wp-json\/wp\/v2\/product_brand?post=5366"},{"taxonomy":"product_cat","embeddable":true,"href":"https:\/\/lartaly.com\/fr\/wp-json\/wp\/v2\/product_cat?post=5366"},{"taxonomy":"product_tag","embeddable":true,"href":"https:\/\/lartaly.com\/fr\/wp-json\/wp\/v2\/product_tag?post=5366"}],"curies":[{"name":"wp","href":"https:\/\/api.w.org\/{rel}","templated":true}]}}