{"id":5363,"date":"2025-02-01T20:20:07","date_gmt":"2025-02-01T20:20:07","guid":{"rendered":"https:\/\/lartaly.com\/?post_type=product&#038;p=5363"},"modified":"2026-01-20T01:35:31","modified_gmt":"2026-01-20T01:35:31","slug":"le-puit-du-bourg-medieval","status":"publish","type":"product","link":"https:\/\/lartaly.com\/fr\/produit\/le-puit-du-bourg-medieval\/","title":{"rendered":"Le puit du bourg m\u00e9di\u00e9val"},"content":{"rendered":"<p><span style=\"font-size: 20px;\">Remonter le seau du puits, rentrer dans une taverne v\u00eatue d&rsquo;une tenue m\u00e9di\u00e9vale&#8230;comme il est ais\u00e9 de se projeter dans ce d\u00e9cor du film d&rsquo;Hansel et Gretel.<\/span><\/p>\n","protected":false},"excerpt":{"rendered":"<p><span style=\"font-size: 18px;\"><strong>Huile sur toile<\/strong><\/span><\/p>\n<p><span style=\"font-size: 18px;\">Le puits d&rsquo;un bourg m\u00e9di\u00e9val.\u00a0<\/span><\/p>\n","protected":false},"featured_media":6238,"comment_status":"closed","ping_status":"closed","template":"","meta":{"_uag_custom_page_level_css":""},"product_brand":[72],"product_cat":[65],"product_tag":[90,86,107,106],"class_list":{"0":"post-5363","1":"product","2":"type-product","3":"status-publish","4":"has-post-thumbnail","6":"product_brand-65x54","7":"product_cat-toile","8":"product_tag-arbre","9":"product_tag-maison","10":"product_tag-pierre","11":"product_tag-village","13":"first","14":"instock","15":"sold-individually","16":"shipping-taxable","17":"purchasable","18":"product-type-simple"},"uagb_featured_image_src":{"full":["https:\/\/lartaly.com\/wp-content\/uploads\/2025\/02\/ART06381-scaled.jpg",2560,2560,false],"thumbnail":["https:\/\/lartaly.com\/wp-content\/uploads\/2025\/02\/ART06381-150x150.jpg",150,150,true],"medium":["https:\/\/lartaly.com\/wp-content\/uploads\/2025\/02\/ART06381-300x300.jpg",300,300,true],"medium_large":["https:\/\/lartaly.com\/wp-content\/uploads\/2025\/02\/ART06381-768x768.jpg",768,768,true],"large":["https:\/\/lartaly.com\/wp-content\/uploads\/2025\/02\/ART06381-1024x1024.jpg",1024,1024,true],"1536x1536":["https:\/\/lartaly.com\/wp-content\/uploads\/2025\/02\/ART06381-1536x1536.jpg",1536,1536,true],"2048x2048":["https:\/\/lartaly.com\/wp-content\/uploads\/2025\/02\/ART06381-2048x2048.jpg",2048,2048,true],"trp-custom-language-flag":["https:\/\/lartaly.com\/wp-content\/uploads\/2025\/02\/ART06381-12x12.jpg",12,12,true],"wishsuite-image":["https:\/\/lartaly.com\/wp-content\/uploads\/2025\/02\/ART06381-150x150.jpg",150,150,true],"woocommerce_thumbnail":["https:\/\/lartaly.com\/wp-content\/uploads\/2025\/02\/ART06381-300x300.jpg",300,300,true],"woocommerce_single":["https:\/\/lartaly.com\/wp-content\/uploads\/2025\/02\/ART06381-600x600.jpg",600,600,true],"woocommerce_gallery_thumbnail":["https:\/\/lartaly.com\/wp-content\/uploads\/2025\/02\/ART06381-100x100.jpg",100,100,true]},"uagb_author_info":{"display_name":"Taly","author_link":"https:\/\/lartaly.com\/fr\/author\/"},"uagb_comment_info":0,"uagb_excerpt":"Huile sur toile Le puits d'un bourg m\u00e9di\u00e9val.\u00a0","_links":{"self":[{"href":"https:\/\/lartaly.com\/fr\/wp-json\/wp\/v2\/product\/5363","targetHints":{"allow":["GET"]}}],"collection":[{"href":"https:\/\/lartaly.com\/fr\/wp-json\/wp\/v2\/product"}],"about":[{"href":"https:\/\/lartaly.com\/fr\/wp-json\/wp\/v2\/types\/product"}],"replies":[{"embeddable":true,"href":"https:\/\/lartaly.com\/fr\/wp-json\/wp\/v2\/comments?post=5363"}],"wp:featuredmedia":[{"embeddable":true,"href":"https:\/\/lartaly.com\/fr\/wp-json\/wp\/v2\/media\/6238"}],"wp:attachment":[{"href":"https:\/\/lartaly.com\/fr\/wp-json\/wp\/v2\/media?parent=5363"}],"wp:term":[{"taxonomy":"product_brand","embeddable":true,"href":"https:\/\/lartaly.com\/fr\/wp-json\/wp\/v2\/product_brand?post=5363"},{"taxonomy":"product_cat","embeddable":true,"href":"https:\/\/lartaly.com\/fr\/wp-json\/wp\/v2\/product_cat?post=5363"},{"taxonomy":"product_tag","embeddable":true,"href":"https:\/\/lartaly.com\/fr\/wp-json\/wp\/v2\/product_tag?post=5363"}],"curies":[{"name":"wp","href":"https:\/\/api.w.org\/{rel}","templated":true}]}}