{"id":5361,"date":"2025-02-01T20:18:05","date_gmt":"2025-02-01T20:18:05","guid":{"rendered":"https:\/\/lartaly.com\/?post_type=product&#038;p=5361"},"modified":"2026-04-10T12:08:24","modified_gmt":"2026-04-10T12:08:24","slug":"la-passerelle-de-tavora","status":"publish","type":"product","link":"https:\/\/lartaly.com\/fr\/produit\/la-passerelle-de-tavora\/","title":{"rendered":"La passerelle de T\u00e0vora"},"content":{"rendered":"<p><span style=\"font-size: 20px;\">Des vacances dans le Nord du Portugal en 2016 sont \u00e0 l\u2019origine de cette toile. Dans un d\u00e9cor somptueux, ce pont pi\u00e9tonnier offre une vue panoramique sur le lac de T\u00e0vora.<\/span><\/p>\n","protected":false},"excerpt":{"rendered":"<p><span style=\"font-size: 18px;\"><strong>Acrylique sur toile<\/strong><\/span><\/p>\n<p><span style=\"font-size: 18px;\">Le pont pi\u00e9tonnier de T\u00e0vora\u00a0 et son ossature m\u00e9tallique.<\/span><\/p>\n","protected":false},"featured_media":6243,"comment_status":"closed","ping_status":"closed","template":"","meta":{"_uag_custom_page_level_css":""},"product_brand":[73],"product_cat":[65],"product_tag":[90,102,101],"class_list":{"0":"post-5361","1":"product","2":"type-product","3":"status-publish","4":"has-post-thumbnail","6":"product_brand-50x61","7":"product_cat-toile","8":"product_tag-arbre","9":"product_tag-paysage","10":"product_tag-pont","12":"first","13":"instock","14":"sold-individually","15":"shipping-taxable","16":"purchasable","17":"product-type-simple"},"uagb_featured_image_src":{"full":["https:\/\/lartaly.com\/wp-content\/uploads\/2025\/02\/ART06390-scaled.jpg",2560,2535,false],"thumbnail":["https:\/\/lartaly.com\/wp-content\/uploads\/2025\/02\/ART06390-150x150.jpg",150,150,true],"medium":["https:\/\/lartaly.com\/wp-content\/uploads\/2025\/02\/ART06390-300x297.jpg",300,297,true],"medium_large":["https:\/\/lartaly.com\/wp-content\/uploads\/2025\/02\/ART06390-768x760.jpg",768,760,true],"large":["https:\/\/lartaly.com\/wp-content\/uploads\/2025\/02\/ART06390-1024x1014.jpg",1024,1014,true],"1536x1536":["https:\/\/lartaly.com\/wp-content\/uploads\/2025\/02\/ART06390-1536x1521.jpg",1536,1521,true],"2048x2048":["https:\/\/lartaly.com\/wp-content\/uploads\/2025\/02\/ART06390-2048x2028.jpg",2048,2028,true],"trp-custom-language-flag":["https:\/\/lartaly.com\/wp-content\/uploads\/2025\/02\/ART06390-12x12.jpg",12,12,true],"wishsuite-image":["https:\/\/lartaly.com\/wp-content\/uploads\/2025\/02\/ART06390-150x150.jpg",150,150,true],"woocommerce_thumbnail":["https:\/\/lartaly.com\/wp-content\/uploads\/2025\/02\/ART06390-300x300.jpg",300,300,true],"woocommerce_single":["https:\/\/lartaly.com\/wp-content\/uploads\/2025\/02\/ART06390-600x594.jpg",600,594,true],"woocommerce_gallery_thumbnail":["https:\/\/lartaly.com\/wp-content\/uploads\/2025\/02\/ART06390-100x100.jpg",100,100,true]},"uagb_author_info":{"display_name":"Taly","author_link":"https:\/\/lartaly.com\/fr\/author\/"},"uagb_comment_info":0,"uagb_excerpt":"Acrylique sur toile Le pont pi\u00e9tonnier de T\u00e0vora\u00a0 et son ossature m\u00e9tallique.","_links":{"self":[{"href":"https:\/\/lartaly.com\/fr\/wp-json\/wp\/v2\/product\/5361","targetHints":{"allow":["GET"]}}],"collection":[{"href":"https:\/\/lartaly.com\/fr\/wp-json\/wp\/v2\/product"}],"about":[{"href":"https:\/\/lartaly.com\/fr\/wp-json\/wp\/v2\/types\/product"}],"replies":[{"embeddable":true,"href":"https:\/\/lartaly.com\/fr\/wp-json\/wp\/v2\/comments?post=5361"}],"wp:featuredmedia":[{"embeddable":true,"href":"https:\/\/lartaly.com\/fr\/wp-json\/wp\/v2\/media\/6243"}],"wp:attachment":[{"href":"https:\/\/lartaly.com\/fr\/wp-json\/wp\/v2\/media?parent=5361"}],"wp:term":[{"taxonomy":"product_brand","embeddable":true,"href":"https:\/\/lartaly.com\/fr\/wp-json\/wp\/v2\/product_brand?post=5361"},{"taxonomy":"product_cat","embeddable":true,"href":"https:\/\/lartaly.com\/fr\/wp-json\/wp\/v2\/product_cat?post=5361"},{"taxonomy":"product_tag","embeddable":true,"href":"https:\/\/lartaly.com\/fr\/wp-json\/wp\/v2\/product_tag?post=5361"}],"curies":[{"name":"wp","href":"https:\/\/api.w.org\/{rel}","templated":true}]}}