{"id":5360,"date":"2025-02-01T20:17:20","date_gmt":"2025-02-01T20:17:20","guid":{"rendered":"https:\/\/lartaly.com\/?post_type=product&#038;p=5360"},"modified":"2026-02-09T16:31:42","modified_gmt":"2026-02-09T16:31:42","slug":"larbre-etete","status":"publish","type":"product","link":"https:\/\/lartaly.com\/fr\/produit\/larbre-etete\/","title":{"rendered":"L&rsquo;arbre \u00e9t\u00eat\u00e9"},"content":{"rendered":"<p><span style=\"font-size: 20px;\">L&rsquo;arbre \u00e9t\u00eat\u00e9 a repouss\u00e9. D<\/span><span style=\"font-size: 20px;\">epuis sa mutilation sont apparus des rejets, un<\/span><span style=\"font-size: 20px;\"> c\u0153ur et un cerveau.<\/span><\/p>\n","protected":false},"excerpt":{"rendered":"<p><span style=\"font-size: 18px;\"><strong>Huile sur toile<\/strong><\/span><\/p>\n<p><span style=\"font-size: 18px;\">L&rsquo;\u00e9t\u00eatage modifie la structure originelle d&rsquo;un arbre.<\/span><\/p>\n","protected":false},"featured_media":6263,"comment_status":"closed","ping_status":"closed","template":"","meta":{"_uag_custom_page_level_css":""},"product_brand":[74],"product_cat":[65],"product_tag":[90],"class_list":{"0":"post-5360","1":"product","2":"type-product","3":"status-publish","4":"has-post-thumbnail","6":"product_brand-61x50","7":"product_cat-toile","8":"product_tag-arbre","10":"first","11":"instock","12":"sold-individually","13":"shipping-taxable","14":"purchasable","15":"product-type-simple"},"uagb_featured_image_src":{"full":["https:\/\/lartaly.com\/wp-content\/uploads\/2025\/02\/Cadre-larbre.png",1080,1080,false],"thumbnail":["https:\/\/lartaly.com\/wp-content\/uploads\/2025\/02\/Cadre-larbre-150x150.png",150,150,true],"medium":["https:\/\/lartaly.com\/wp-content\/uploads\/2025\/02\/Cadre-larbre-300x300.png",300,300,true],"medium_large":["https:\/\/lartaly.com\/wp-content\/uploads\/2025\/02\/Cadre-larbre-768x768.png",768,768,true],"large":["https:\/\/lartaly.com\/wp-content\/uploads\/2025\/02\/Cadre-larbre-1024x1024.png",1024,1024,true],"1536x1536":["https:\/\/lartaly.com\/wp-content\/uploads\/2025\/02\/Cadre-larbre.png",1080,1080,false],"2048x2048":["https:\/\/lartaly.com\/wp-content\/uploads\/2025\/02\/Cadre-larbre.png",1080,1080,false],"trp-custom-language-flag":["https:\/\/lartaly.com\/wp-content\/uploads\/2025\/02\/Cadre-larbre-12x12.png",12,12,true],"wishsuite-image":["https:\/\/lartaly.com\/wp-content\/uploads\/2025\/02\/Cadre-larbre-150x150.png",150,150,true],"woocommerce_thumbnail":["https:\/\/lartaly.com\/wp-content\/uploads\/2025\/02\/Cadre-larbre-300x300.png",300,300,true],"woocommerce_single":["https:\/\/lartaly.com\/wp-content\/uploads\/2025\/02\/Cadre-larbre-600x600.png",600,600,true],"woocommerce_gallery_thumbnail":["https:\/\/lartaly.com\/wp-content\/uploads\/2025\/02\/Cadre-larbre-100x100.png",100,100,true]},"uagb_author_info":{"display_name":"Taly","author_link":"https:\/\/lartaly.com\/fr\/author\/"},"uagb_comment_info":0,"uagb_excerpt":"Huile sur toile L'\u00e9t\u00eatage modifie la structure originelle d'un arbre.","_links":{"self":[{"href":"https:\/\/lartaly.com\/fr\/wp-json\/wp\/v2\/product\/5360","targetHints":{"allow":["GET"]}}],"collection":[{"href":"https:\/\/lartaly.com\/fr\/wp-json\/wp\/v2\/product"}],"about":[{"href":"https:\/\/lartaly.com\/fr\/wp-json\/wp\/v2\/types\/product"}],"replies":[{"embeddable":true,"href":"https:\/\/lartaly.com\/fr\/wp-json\/wp\/v2\/comments?post=5360"}],"wp:featuredmedia":[{"embeddable":true,"href":"https:\/\/lartaly.com\/fr\/wp-json\/wp\/v2\/media\/6263"}],"wp:attachment":[{"href":"https:\/\/lartaly.com\/fr\/wp-json\/wp\/v2\/media?parent=5360"}],"wp:term":[{"taxonomy":"product_brand","embeddable":true,"href":"https:\/\/lartaly.com\/fr\/wp-json\/wp\/v2\/product_brand?post=5360"},{"taxonomy":"product_cat","embeddable":true,"href":"https:\/\/lartaly.com\/fr\/wp-json\/wp\/v2\/product_cat?post=5360"},{"taxonomy":"product_tag","embeddable":true,"href":"https:\/\/lartaly.com\/fr\/wp-json\/wp\/v2\/product_tag?post=5360"}],"curies":[{"name":"wp","href":"https:\/\/api.w.org\/{rel}","templated":true}]}}