{"id":5355,"date":"2025-02-01T20:10:04","date_gmt":"2025-02-01T20:10:04","guid":{"rendered":"https:\/\/lartaly.com\/?post_type=product&#038;p=5355"},"modified":"2026-02-09T16:31:58","modified_gmt":"2026-02-09T16:31:58","slug":"richelieu-le-dragon","status":"publish","type":"product","link":"https:\/\/lartaly.com\/fr\/produit\/richelieu-le-dragon\/","title":{"rendered":"Richelieu le dragon"},"content":{"rendered":"<p><span style=\"font-size: 20px;\">Les l\u00e9gendes peuvent na\u00eetre dans les tableaux. Certaines fins d&rsquo;apr\u00e8s-midi d&rsquo;\u00e9t\u00e9, juste avant le coucher du soleil, vous pouvez avoir la chance d&rsquo;apercevoir Richelieu. Le dragon survole le donjon et les ruines de l&rsquo;ancien ch\u00e2teau.<\/span><\/p>\n","protected":false},"excerpt":{"rendered":"<p><span style=\"font-size: 18px;\"><strong>Acrylique sur toile<\/strong><\/span><\/p>\n<p><span style=\"font-size: 18px;\">Une l\u00e9gende est n\u00e9e dans un tableau.<\/span><\/p>\n","protected":false},"featured_media":6241,"comment_status":"closed","ping_status":"closed","template":"","meta":{"_uag_custom_page_level_css":""},"product_brand":[77],"product_cat":[65],"product_tag":[90,86,102,107,101,106],"class_list":{"0":"post-5355","1":"product","2":"type-product","3":"status-publish","4":"has-post-thumbnail","6":"product_brand-46x55","7":"product_cat-toile","8":"product_tag-arbre","9":"product_tag-maison","10":"product_tag-paysage","11":"product_tag-pierre","12":"product_tag-pont","13":"product_tag-village","15":"first","16":"instock","17":"shipping-taxable","18":"purchasable","19":"product-type-simple"},"uagb_featured_image_src":{"full":["https:\/\/lartaly.com\/wp-content\/uploads\/2025\/02\/ART06387-bis-scaled.jpg",2560,2560,false],"thumbnail":["https:\/\/lartaly.com\/wp-content\/uploads\/2025\/02\/ART06387-bis-150x150.jpg",150,150,true],"medium":["https:\/\/lartaly.com\/wp-content\/uploads\/2025\/02\/ART06387-bis-300x300.jpg",300,300,true],"medium_large":["https:\/\/lartaly.com\/wp-content\/uploads\/2025\/02\/ART06387-bis-768x768.jpg",768,768,true],"large":["https:\/\/lartaly.com\/wp-content\/uploads\/2025\/02\/ART06387-bis-1024x1024.jpg",1024,1024,true],"1536x1536":["https:\/\/lartaly.com\/wp-content\/uploads\/2025\/02\/ART06387-bis-1536x1536.jpg",1536,1536,true],"2048x2048":["https:\/\/lartaly.com\/wp-content\/uploads\/2025\/02\/ART06387-bis-2048x2048.jpg",2048,2048,true],"trp-custom-language-flag":["https:\/\/lartaly.com\/wp-content\/uploads\/2025\/02\/ART06387-bis-12x12.jpg",12,12,true],"wishsuite-image":["https:\/\/lartaly.com\/wp-content\/uploads\/2025\/02\/ART06387-bis-150x150.jpg",150,150,true],"woocommerce_thumbnail":["https:\/\/lartaly.com\/wp-content\/uploads\/2025\/02\/ART06387-bis-300x300.jpg",300,300,true],"woocommerce_single":["https:\/\/lartaly.com\/wp-content\/uploads\/2025\/02\/ART06387-bis-600x600.jpg",600,600,true],"woocommerce_gallery_thumbnail":["https:\/\/lartaly.com\/wp-content\/uploads\/2025\/02\/ART06387-bis-100x100.jpg",100,100,true]},"uagb_author_info":{"display_name":"Taly","author_link":"https:\/\/lartaly.com\/fr\/author\/"},"uagb_comment_info":0,"uagb_excerpt":"Acrylique sur toile Une l\u00e9gende est n\u00e9e dans un tableau.","_links":{"self":[{"href":"https:\/\/lartaly.com\/fr\/wp-json\/wp\/v2\/product\/5355","targetHints":{"allow":["GET"]}}],"collection":[{"href":"https:\/\/lartaly.com\/fr\/wp-json\/wp\/v2\/product"}],"about":[{"href":"https:\/\/lartaly.com\/fr\/wp-json\/wp\/v2\/types\/product"}],"replies":[{"embeddable":true,"href":"https:\/\/lartaly.com\/fr\/wp-json\/wp\/v2\/comments?post=5355"}],"wp:featuredmedia":[{"embeddable":true,"href":"https:\/\/lartaly.com\/fr\/wp-json\/wp\/v2\/media\/6241"}],"wp:attachment":[{"href":"https:\/\/lartaly.com\/fr\/wp-json\/wp\/v2\/media?parent=5355"}],"wp:term":[{"taxonomy":"product_brand","embeddable":true,"href":"https:\/\/lartaly.com\/fr\/wp-json\/wp\/v2\/product_brand?post=5355"},{"taxonomy":"product_cat","embeddable":true,"href":"https:\/\/lartaly.com\/fr\/wp-json\/wp\/v2\/product_cat?post=5355"},{"taxonomy":"product_tag","embeddable":true,"href":"https:\/\/lartaly.com\/fr\/wp-json\/wp\/v2\/product_tag?post=5355"}],"curies":[{"name":"wp","href":"https:\/\/api.w.org\/{rel}","templated":true}]}}