{"id":5819,"date":"2025-02-07T16:57:26","date_gmt":"2025-02-07T16:57:26","guid":{"rendered":"https:\/\/lartaly.com\/?page_id=5819"},"modified":"2025-09-01T07:59:00","modified_gmt":"2025-09-01T07:59:00","slug":"cgv","status":"publish","type":"page","link":"https:\/\/lartaly.com\/fr\/cgv\/","title":{"rendered":"Conditions G\u00e9n\u00e9rales de Vente"},"content":{"rendered":"\t\t<div data-elementor-type=\"wp-page\" data-elementor-id=\"5819\" class=\"elementor elementor-5819\" data-elementor-post-type=\"page\">\n\t\t\t\t<div class=\"elementor-element elementor-element-53c77d1 e-con-full e-flex e-con e-parent\" data-id=\"53c77d1\" data-element_type=\"container\" data-e-type=\"container\">\n\t\t\t\t<div class=\"elementor-element elementor-element-73d97ff elementor-widget elementor-widget-heading\" data-id=\"73d97ff\" data-element_type=\"widget\" data-e-type=\"widget\" data-widget_type=\"heading.default\">\n\t\t\t\t<div class=\"elementor-widget-container\">\n\t\t\t\t\t<h2 class=\"elementor-heading-title elementor-size-default\">Conditions g\u00e9n\u00e9rales de vente<\/h2>\t\t\t\t<\/div>\n\t\t\t\t<\/div>\n\t\t\t\t<div class=\"elementor-element elementor-element-fb8ea32 elementor-widget__width-initial elementor-widget elementor-widget-text-editor\" data-id=\"fb8ea32\" data-element_type=\"widget\" data-e-type=\"widget\" data-widget_type=\"text-editor.default\">\n\t\t\t\t<div class=\"elementor-widget-container\">\n\t\t\t\t\t\t\t\t\t<p><strong><span style=\"font-size: 19px;\">Conditions G\u00e9n\u00e9rales de Vente<\/span><\/strong><\/p><p><span style=\"font-size: 19px;\"><strong>Vendeur<\/strong> : LARTALY 8 rue de la gare 34390 PREMIAN<\/span><br \/><span style=\"font-size: 19px;\">Artiste auteur, cr\u00e9ation d\u2019\u0153uvres originales au sens de la propri\u00e9t\u00e9 intellectuelle.<\/span><br \/><span style=\"font-size: 19px;\">Siret 39184618500034<\/span><br \/><span style=\"font-size: 19px;\">Contact : 3481taly@gmail.com<\/span><\/p><p><strong><span style=\"font-size: 19px;\">Nature des \u0153uvres vendues<\/span><\/strong><\/p><p><span style=\"font-size: 19px;\">Toutes les \u0153uvres propos\u00e9es sont des pi\u00e8ces uniques r\u00e9alis\u00e9es par nos soins.<\/span><br \/><span style=\"font-size: 19px;\">Possibilit\u00e9 de d\u00e9duction fiscale pour les entreprises. L&rsquo;acquisition d&rsquo;une toile ne donne aucun droit de repr\u00e9sentation, de diffusion ou reproduction \u00e0 son acqu\u00e9reur. Nous gardons seul son droit sur sa cr\u00e9ation. Toute utilisation du visuel des \u0153uvres devra faire l\u2019objet d\u2019une demande d\u2019autorisation.<\/span><\/p><p><span style=\"font-size: 19px;\"><strong>Votre panier, vos commandes<\/strong><br \/><\/span><\/p><p><span style=\"font-size: 19px;\">\u2022 Entrez vos coordonn\u00e9es, votre pays.<\/span><br \/><span style=\"font-size: 19px;\">\u2022 Vous acceptez les pr\u00e9sentes conditions g\u00e9n\u00e9rales de vente.<\/span><br \/><span style=\"font-size: 19px;\">\u2022 Vous r\u00e9glez votre commande par le moyen de paiement mis \u00e0 votre disposition.<\/span><br \/><span style=\"font-size: 19px;\">\u2022 Un courriel de confirmation vous mentionnera l\u2019acceptation de votre commande.<\/span><br \/><span style=\"font-size: 19px;\">\u2022 Nous attirons votre attention sur le cot\u00e9 non contractuel des couleurs des photos reproduites sur internet, une image sur \u00e9cran \u00e9tant toujours diff\u00e9rentes par rapport \u00e0 une \u0153uvre originale sur toile ou sur papier.<\/span><br \/><span style=\"font-size: 19px;\">\u2022 Lors du processus de validation de votre commande vous d\u00e9clarez avoir lu et accept\u00e9 les conditions g\u00e9n\u00e9rales de vente<\/span>.<\/p><p><strong><span style=\"font-size: 19px;\">Moyen de paiement<\/span><\/strong><\/p><p><span style=\"font-size: 19px;\">\u2022 Par carte bancaire<\/span><br \/><span style=\"font-size: 19px;\">La page de saisie de vos informations bancaires est crypt\u00e9e (technologie SSL, Secure Socket Layer). Vos coordonn\u00e9es bancaires ne peuvent \u00eatre intercept\u00e9es. Vos donn\u00e9es bancaires (num\u00e9ro de carte, date expiration et cryptogramme.) ne sont pas communiqu\u00e9es \u00e0 LARTALY.<\/span><\/p><p><strong><span style=\"font-size: 19px;\">Exp\u00e9dition et Manutention<\/span><\/strong><\/p><p><span style=\"font-size: 19px;\">\u2022 La livraison sera effectu\u00e9e \u00e0 l\u2019adresse de livraison indiqu\u00e9e dans un d\u00e9lai minimum de 20 jours ouvrables<br \/>\u2022 Les frais de livraison seront indiqu\u00e9s \u00e0 la fin de votre processus de commande qui seront calcul\u00e9s lorsque vous choisissez les pays de destination. Les frais de livraisons englobent la mise sous bo\u00eete et l\u2019assurance sur la valeur des biens.<\/span><\/p><p><span style=\"font-size: 19px;\">Les frais de livraison sont inclus dans votre commande. Ils englobent la mise en bo\u00eete et l&rsquo;assurance sur les valeurs\u00a0des\u00a0biens.<\/span><br \/><span style=\"font-size: 19px;\">\u2022 Il vous appartient de v\u00e9rifier \u00e0 r\u00e9ception, l\u2019\u00e9tat des colis et d\u2019indiquer sur le r\u00e9c\u00e9piss\u00e9 la mention \u00ab sous r\u00e9serve \u00bb avec photo, pour b\u00e9n\u00e9ficier des garanties contract\u00e9es en cas de d\u00e9t\u00e9rioration des \u0153uvres.<\/span><br \/><span style=\"font-size: 19px;\">\u2022 Planification des livraisons : vous serez inform\u00e9 par email de l\u2019\u00e9tat d\u2019avancement de votre commande<\/span><\/p><p><strong><span style=\"font-size: 19px;\">Modalit\u00e9s de retour<\/span><\/strong><\/p><p><span style=\"font-size: 19px;\">Conform\u00e9ment \u00e0 l\u2019article L121-20 du code de la consommation, vous disposez d\u2019un d\u00e9lai de r\u00e9tractation de 15 jours. Durant cette p\u00e9riode vous pouvez nous retourner les \u0153uvres (les frais de port seront \u00e0 votre charge). Le remboursement sera effectu\u00e9 sous un d\u00e9lai de 15 jours apr\u00e8s r\u00e9ception des \u0153uvres renvoy\u00e9es.<\/span><br \/><span style=\"font-size: 19px;\">Nous ne serons pas tenus responsables d\u2019un retard ou inex\u00e9cution de la commande si cela r\u00e9sulte d\u2019un cas de force majeure.<\/span><\/p><p><strong><span style=\"font-size: 19px;\">R\u00e8gle de confidentialit\u00e9<\/span><\/strong><\/p><p><span style=\"font-size: 19px;\">Pour effectuer une commande vous serez amen\u00e9 \u00e0 nous communiquer certaines informations sur votre personne, ces informations feront l\u2019objet de traitements informatiques, par nos soins et nos prestataires de services afin d\u2019honorer convenablement votre commande. En confirmant votre commande vous nous autorisez \u00e0 communiquer ces informations dans l\u2019unique but de traiter vos commandes<\/span><br \/><span style=\"font-size: 19px;\">Conform\u00e9ment \u00e0 la loi informatique et libert\u00e9, vous pouvez demander leurs modifications ou exiger de ne plus figurer dans notre base de donn\u00e9es en nous contactant par E-mail<\/span><\/p><p><strong><span style=\"font-size: 19px;\">Responsabilit\u00e9 et Garantie<\/span><\/strong><\/p><p><span style=\"font-size: 19px;\">Le pr\u00e9sent contrat est r\u00e9gi par la loi fran\u00e7aise. Tout litige sera soumis \u00e0 la comp\u00e9tence <\/span><span style=\"font-size: 19px;\">exclusive des tribunaux de Montpellier.<\/span><\/p><p><span style=\"font-size: 19px;\"><strong>Conditions de vente<\/strong><br \/>Frais de livraison et d\u2019assurance inclus.<br \/>Livraison via Colissimo.<\/span><\/p>\t\t\t\t\t\t\t\t<\/div>\n\t\t\t\t<\/div>\n\t\t<div class=\"elementor-element elementor-element-6397831 e-con-full e-flex e-con e-child\" data-id=\"6397831\" data-element_type=\"container\" data-e-type=\"container\" data-settings=\"{&quot;background_background&quot;:&quot;classic&quot;}\">\n\t\t<div class=\"elementor-element elementor-element-a6edfe7 e-con-full e-flex e-con e-child\" data-id=\"a6edfe7\" data-element_type=\"container\" data-e-type=\"container\">\n\t\t\t\t<\/div>\n\t\t<div class=\"elementor-element elementor-element-d402746 e-con-full e-flex e-con e-child\" data-id=\"d402746\" data-element_type=\"container\" data-e-type=\"container\" data-settings=\"{&quot;background_background&quot;:&quot;classic&quot;}\">\n\t\t\t\t<div class=\"elementor-element elementor-element-e98c302 elementor-widget elementor-widget-heading\" data-id=\"e98c302\" data-element_type=\"widget\" data-e-type=\"widget\" data-widget_type=\"heading.default\">\n\t\t\t\t<div class=\"elementor-widget-container\">\n\t\t\t\t\t<h2 class=\"elementor-heading-title elementor-size-default\">Chaque tableau raconte une histoire, laissez-le enrichir la v\u00f4tre d\u00e8s aujourd\u2019hui !<\/h2>\t\t\t\t<\/div>\n\t\t\t\t<\/div>\n\t\t<div class=\"elementor-element elementor-element-0031f07 e-flex e-con-boxed e-con e-child\" data-id=\"0031f07\" data-element_type=\"container\" data-e-type=\"container\" data-settings=\"{&quot;background_background&quot;:&quot;classic&quot;}\">\n\t\t\t\t\t<div class=\"e-con-inner\">\n\t\t<div class=\"elementor-element elementor-element-fed2603 e-con-full e-flex e-con e-child\" data-id=\"fed2603\" data-element_type=\"container\" data-e-type=\"container\">\n\t\t\t\t<div class=\"elementor-element elementor-element-c3731f7 elementor-align-center elementor-widget elementor-widget-button\" data-id=\"c3731f7\" data-element_type=\"widget\" data-e-type=\"widget\" data-widget_type=\"button.default\">\n\t\t\t\t<div class=\"elementor-widget-container\">\n\t\t\t\t\t\t\t\t\t<div class=\"elementor-button-wrapper\">\n\t\t\t\t\t<a class=\"elementor-button elementor-button-link elementor-size-sm\" href=\"https:\/\/lartaly.com\/fr\/boutique\/\">\n\t\t\t\t\t\t<span class=\"elementor-button-content-wrapper\">\n\t\t\t\t\t\t\t\t\t<span class=\"elementor-button-text\">BOUTIQUE<\/span>\n\t\t\t\t\t<\/span>\n\t\t\t\t\t<\/a>\n\t\t\t\t<\/div>\n\t\t\t\t\t\t\t\t<\/div>\n\t\t\t\t<\/div>\n\t\t\t\t<div class=\"elementor-element elementor-element-ac8790c elementor-align-center elementor-widget elementor-widget-button\" data-id=\"ac8790c\" data-element_type=\"widget\" data-e-type=\"widget\" data-widget_type=\"button.default\">\n\t\t\t\t<div class=\"elementor-widget-container\">\n\t\t\t\t\t\t\t\t\t<div class=\"elementor-button-wrapper\">\n\t\t\t\t\t<a class=\"elementor-button elementor-button-link elementor-size-sm\" href=\"https:\/\/lartaly.com\/fr\/contact\/\">\n\t\t\t\t\t\t<span class=\"elementor-button-content-wrapper\">\n\t\t\t\t\t\t\t\t\t<span class=\"elementor-button-text\">CONTACT<\/span>\n\t\t\t\t\t<\/span>\n\t\t\t\t\t<\/a>\n\t\t\t\t<\/div>\n\t\t\t\t\t\t\t\t<\/div>\n\t\t\t\t<\/div>\n\t\t\t\t<\/div>\n\t\t\t\t\t<\/div>\n\t\t\t\t<\/div>\n\t\t\t\t<\/div>\n\t\t<div class=\"elementor-element elementor-element-a0a85d4 e-con-full e-flex e-con e-child\" data-id=\"a0a85d4\" data-element_type=\"container\" data-e-type=\"container\">\n\t\t\t\t<\/div>\n\t\t\t\t<\/div>\n\t\t\t\t<\/div>\n\t\t\t\t<\/div>\n\t\t","protected":false},"excerpt":{"rendered":"<p>Conditions g\u00e9n\u00e9rales de vente Conditions G\u00e9n\u00e9rales de Vente Vendeur : LARTALY 8 rue de la gare 34390 PREMIANArtiste auteur, cr\u00e9ation&#8230;<\/p>\n","protected":false},"author":2,"featured_media":0,"parent":0,"menu_order":0,"comment_status":"closed","ping_status":"closed","template":"","meta":{"_uag_custom_page_level_css":"","footnotes":""},"class_list":["post-5819","page","type-page","status-publish","hentry"],"uagb_featured_image_src":{"full":false,"thumbnail":false,"medium":false,"medium_large":false,"large":false,"1536x1536":false,"2048x2048":false,"trp-custom-language-flag":false,"wishsuite-image":false,"woocommerce_thumbnail":false,"woocommerce_single":false,"woocommerce_gallery_thumbnail":false},"uagb_author_info":{"display_name":"WEELOT","author_link":"https:\/\/lartaly.com\/fr\/author\/weelot\/"},"uagb_comment_info":0,"uagb_excerpt":"Conditions g\u00e9n\u00e9rales de vente Conditions G\u00e9n\u00e9rales de Vente Vendeur : LARTALY 8 rue de la gare 34390 PREMIANArtiste auteur, cr\u00e9ation...","_links":{"self":[{"href":"https:\/\/lartaly.com\/fr\/wp-json\/wp\/v2\/pages\/5819","targetHints":{"allow":["GET"]}}],"collection":[{"href":"https:\/\/lartaly.com\/fr\/wp-json\/wp\/v2\/pages"}],"about":[{"href":"https:\/\/lartaly.com\/fr\/wp-json\/wp\/v2\/types\/page"}],"author":[{"embeddable":true,"href":"https:\/\/lartaly.com\/fr\/wp-json\/wp\/v2\/users\/2"}],"replies":[{"embeddable":true,"href":"https:\/\/lartaly.com\/fr\/wp-json\/wp\/v2\/comments?post=5819"}],"version-history":[{"count":16,"href":"https:\/\/lartaly.com\/fr\/wp-json\/wp\/v2\/pages\/5819\/revisions"}],"predecessor-version":[{"id":6407,"href":"https:\/\/lartaly.com\/fr\/wp-json\/wp\/v2\/pages\/5819\/revisions\/6407"}],"wp:attachment":[{"href":"https:\/\/lartaly.com\/fr\/wp-json\/wp\/v2\/media?parent=5819"}],"curies":[{"name":"wp","href":"https:\/\/api.w.org\/{rel}","templated":true}]}}