{"id":5805,"date":"2025-02-07T12:52:32","date_gmt":"2025-02-07T12:52:32","guid":{"rendered":"https:\/\/lartaly.com\/?page_id=5805"},"modified":"2025-02-17T15:18:49","modified_gmt":"2025-02-17T15:18:49","slug":"mentions-legales","status":"publish","type":"page","link":"https:\/\/lartaly.com\/fr\/mentions-legales\/","title":{"rendered":"Mentions L\u00e9gales"},"content":{"rendered":"\t\t<div data-elementor-type=\"wp-page\" data-elementor-id=\"5805\" class=\"elementor elementor-5805\" data-elementor-post-type=\"page\">\n\t\t\t\t<div class=\"elementor-element elementor-element-53c77d1 e-con-full e-flex e-con e-parent\" data-id=\"53c77d1\" data-element_type=\"container\" data-e-type=\"container\">\n\t\t\t\t<div class=\"elementor-element elementor-element-73d97ff elementor-widget elementor-widget-heading\" data-id=\"73d97ff\" data-element_type=\"widget\" data-e-type=\"widget\" data-widget_type=\"heading.default\">\n\t\t\t\t<div class=\"elementor-widget-container\">\n\t\t\t\t\t<h2 class=\"elementor-heading-title elementor-size-default\">Mentions L\u00e9gales<\/h2>\t\t\t\t<\/div>\n\t\t\t\t<\/div>\n\t\t\t\t<div class=\"elementor-element elementor-element-fb8ea32 elementor-widget__width-initial elementor-widget elementor-widget-text-editor\" data-id=\"fb8ea32\" data-element_type=\"widget\" data-e-type=\"widget\" data-widget_type=\"text-editor.default\">\n\t\t\t\t<div class=\"elementor-widget-container\">\n\t\t\t\t\t\t\t\t\t<p><strong>L\u2019\u00e9diteur<\/strong> : LARTALY 8 rue de la gare 34390 PREMIAN<br \/>Artiste auteur, cr\u00e9ation d\u2019\u0153uvres originales au sens de la propri\u00e9t\u00e9 intellectuelle<br \/>Siret 39184618500034<br \/>Contact : 3481taly@gmail.com<\/p><p><strong>L\u2019H\u00e9bergeur du site<\/strong> : HOSTINGER<br \/>Hostinger International Ltd.<br \/>61 Rue Lordou Vironos, 6023<br \/>Larnaca, Chypre<\/p><p><strong>Le prestataire technique<\/strong> : SARL WEELOT 200 rue de la croix nivert 75015 PARIS<br \/>Email : contact@weelot.fr<br \/>https:\/\/weelot.fr<\/p><p><strong>L\u2019Utilisateur<\/strong> :<br \/>Toute personne naviguant, lisant, visionnant ou utilisant le site est consid\u00e9r\u00e9e<br \/>comme un \u00ab Utilisateur \u00bb.<\/p><p>Conform\u00e9ment \u00e0 la Loi n\u00b02004-575 du 21 juin 2004 pour la Confiance dans l\u2019\u00e9conomie<br \/>num\u00e9rique (LCEN) ; la Loi n\u00b0 78-17 du 6 janvier 1978 relative \u00e0 l&rsquo;informatique, aux<br \/>fichiers et aux libert\u00e9s ; ainsi qu&rsquo;\u00e0 la r\u00e8glementation g\u00e9n\u00e9rale sur la protection des<br \/>donn\u00e9es (RGPD) du 25 mai 2018, voici les mentions l\u00e9gales du site lartaly.com<\/p><p>Le site est accessible \u00e0 l\u2019adresse : www.lartaly.com (ci-apr\u00e8s \u00ab le Site \u00bb). L\u2019utilisation<br \/>du Site implique l\u2019acceptation sans r\u00e9serve des pr\u00e9sentes mentions l\u00e9gales.<\/p><p><span style=\"text-decoration: underline;\"><strong>Conditions d\u2019utilisation<\/strong><\/span><\/p><p>L\u2019utilisation de ce site est r\u00e9serv\u00e9e \u00e0 usage strictement professionnel. Toute<br \/>reproduction ou repr\u00e9sentation, en tout ou partiellement, \u00e0 d\u2019autres fins sur un<br \/>quelconque support est interdite.<br \/>Le non-respect de cette interdiction constitue une contre fa\u00e7on pouvant engager la responsabilit\u00e9 civile et p\u00e9nale du contrefacteur.<\/p><p><span style=\"text-decoration: underline;\"><strong>Autres dispositions<\/strong><\/span><\/p><p>Les informations contenues dans le Site Web sont fournies pour la seule information g\u00e9n\u00e9rale des visiteurs, elles ne sauraient remplacer ou se substituer \u00e0 des conseils ou consultations de nature professionnelle.<\/p><p>Bien que l\u2019Editeur prenne le plus grand soin pour s\u2019assurer de la qualit\u00e9 et de la fiabilit\u00e9 des informations contenues sur le Site Web, ces derni\u00e8res sont fournies \u00e0 titre indicatif sans aucune garantie, explicite ou implicite, de validit\u00e9, d\u2019exhaustivit\u00e9 ou d\u2019actualit\u00e9. En cons\u00e9quence de quoi, le visiteur reconna\u00eet utiliser ces informations sous sa seule et unique responsabilit\u00e9.<\/p><p><span style=\"text-decoration: underline;\"><strong>Propri\u00e9t\u00e9 intellectuelle et contrefa\u00e7ons<\/strong><\/span><\/p><p>LARTALY est propri\u00e9taire des droits de propri\u00e9t\u00e9 intellectuelle et d\u00e9tient les droits d\u2019usage sur tous les \u00e9l\u00e9ments accessibles sur le site, notamment les textes, images, graphismes, logo, ic\u00f4nes. <br \/>Toute reproduction, repr\u00e9sentation, modification, publication, adaptation de tout ou partie des \u00e9l\u00e9ments du site, quel que soit le moyen ou le proc\u00e9d\u00e9 utilis\u00e9, est interdite, sauf autorisation \u00e9crite pr\u00e9alable de : LARTALY.<br \/>Toute exploitation non autoris\u00e9e du site ou de l\u2019un quelconque des \u00e9l\u00e9ments qu\u2019il contient sera consid\u00e9r\u00e9e comme constitutive d\u2019une contrefa\u00e7on et poursuivie conform\u00e9ment aux dispositions des articles L.335-2 et suivants du Code de Propri\u00e9t\u00e9 Intellectuelle.<\/p><p><span style=\"text-decoration: underline;\"><strong>Cookies<\/strong><\/span><\/p><p>Des cookies sont susceptibles d\u2019\u00eatre stock\u00e9s sur le terminal de l\u2019utilisateur afin d\u2019\u00e9tablir des statistiques sur la fr\u00e9quentation du site. Ils sont utilis\u00e9s pour identifier les pages consult\u00e9es ainsi que les comportements et parcours de navigation. <br \/>Ces informations sont utiles pour am\u00e9liorer les contenus qui apparaissent sur le site.<br \/>La plupart des navigateurs Internet acceptent automatiquement les cookies.<br \/>L\u2019utilisateur peut d\u00e9sactiver les cookies afin de s\u2019opposer \u00e0 leur enregistrement sur son terminal ou les supprimer en utilisant les options de son navigateur.<\/p><p><span style=\"text-decoration: underline;\"><strong>Gestion des donn\u00e9es personnelles<\/strong><\/span><\/p><p>En France, les donn\u00e9es personnelles sont notamment prot\u00e9g\u00e9es par la loi n\u00b0 78-87 du 6 janvier 1978, la loi n\u00b0 2004-801 du 6 ao\u00fbt 2004, l\u2019article L. 226-13 du Code p\u00e9nal et la Directive Europ\u00e9enne du 24 octobre 1995.<br \/>A l\u2019occasion de l\u2019utilisation du site https:\/\/www.lartaly.com, peuvent \u00eatre recueillies : l\u2019URL des liens par l\u2019interm\u00e9diaire desquels l\u2019utilisateur a acc\u00e9d\u00e9 au site https:\/\/www.lartaly.com, le fournisseur d\u2019acc\u00e8s de l\u2019utilisateur, l\u2019adresse de protocole Internet (IP) de l\u2019utilisateur.<br \/>En tout \u00e9tat de cause LARTALY ne collecte des informations personnelles relatives \u00e0 l\u2019utilisateur que pour le besoin de certains services propos\u00e9s par le site https:\/\/www.laraly.com. L\u2019utilisateur fournit ces informations en toute connaissance de cause, notamment lorsqu\u2019il proc\u00e8de par lui-m\u00eame \u00e0 leur saisie. Il est alors pr\u00e9cis\u00e9 \u00e0 l\u2019utilisateur du site https:\/\/www.lartaly.com l\u2019obligation ou non de fournir ces<br \/>informations.<br \/>Le site n\u2019est pas d\u00e9clar\u00e9 \u00e0 la CNIL.<\/p><p><span style=\"text-decoration: underline;\"><strong>Conditions de vente<\/strong><\/span><\/p><p>\u2022 Modalit\u00e9s de paiement : Comptant, net et sans escompte<br \/>\u2022 Les prix de vente sont exprim\u00e9s en euros TTC.<br \/>\u2022 Frais de livraison\u00a0 aux conditions de transport et d\u2019assurance assur\u00e9s par Colissimo.<\/p><p>Disponibilit\u00e9<\/p><p>\u2022 Le fonctionnement du site peut \u00eatre affect\u00e9 par des \u00e9v\u00e9nements que nous ne contr\u00f4lons pas, tels que par exemple, des pannes r\u00e9seau ou de transmission entre votre poste informatique, le r\u00e9seau internet, votre fournisseur d\u2019acc\u00e8s, notre h\u00e9bergeur.<br \/>\u2022 Nous, nos fournisseurs de services ou h\u00e9bergeur, nous r\u00e9servons \u00e9galement le droit, \u00e0 tout moment, d\u2019interrompre temporairement, tout ou partie du site pour effectuer des op\u00e9rations de maintenance, des am\u00e9liorations ou des modifications sur le site ou le serveur qui l\u2019h\u00e9berge sans \u00eatre tenus pour responsables de ces suspensions ou interruptions.<\/p><p><span style=\"text-decoration: underline;\"><strong>Liens vers d&rsquo;autres sites<\/strong><\/span><\/p><p>Le Site peut contenir des liens vers d\u2019autres sites.<br \/>L&rsquo;\u00c9diteur n\u2019a aucun contr\u00f4le sur ces sites et d\u00e9cline toute responsabilit\u00e9 quant \u00e0 leur contenu ou leur utilisation.<br \/>L&rsquo;activation des liens est sous la responsabilit\u00e9 exclusive de l\u2019Utilisateur.<\/p>\t\t\t\t\t\t\t\t<\/div>\n\t\t\t\t<\/div>\n\t\t<div class=\"elementor-element elementor-element-6397831 e-con-full e-flex e-con e-child\" data-id=\"6397831\" data-element_type=\"container\" data-e-type=\"container\" data-settings=\"{&quot;background_background&quot;:&quot;classic&quot;}\">\n\t\t<div class=\"elementor-element elementor-element-a6edfe7 e-con-full e-flex e-con e-child\" data-id=\"a6edfe7\" data-element_type=\"container\" data-e-type=\"container\">\n\t\t\t\t<\/div>\n\t\t<div class=\"elementor-element elementor-element-d402746 e-con-full e-flex e-con e-child\" data-id=\"d402746\" data-element_type=\"container\" data-e-type=\"container\" data-settings=\"{&quot;background_background&quot;:&quot;classic&quot;}\">\n\t\t\t\t<div class=\"elementor-element elementor-element-e98c302 elementor-widget elementor-widget-heading\" data-id=\"e98c302\" data-element_type=\"widget\" data-e-type=\"widget\" data-widget_type=\"heading.default\">\n\t\t\t\t<div class=\"elementor-widget-container\">\n\t\t\t\t\t<h2 class=\"elementor-heading-title elementor-size-default\">Chaque tableau raconte une histoire, laissez-le enrichir la v\u00f4tre d\u00e8s aujourd\u2019hui !<\/h2>\t\t\t\t<\/div>\n\t\t\t\t<\/div>\n\t\t<div class=\"elementor-element elementor-element-0031f07 e-flex e-con-boxed e-con e-child\" data-id=\"0031f07\" data-element_type=\"container\" data-e-type=\"container\" data-settings=\"{&quot;background_background&quot;:&quot;classic&quot;}\">\n\t\t\t\t\t<div class=\"e-con-inner\">\n\t\t<div class=\"elementor-element elementor-element-fed2603 e-con-full e-flex e-con e-child\" data-id=\"fed2603\" data-element_type=\"container\" data-e-type=\"container\">\n\t\t\t\t<div class=\"elementor-element elementor-element-c3731f7 elementor-align-center elementor-widget elementor-widget-button\" data-id=\"c3731f7\" data-element_type=\"widget\" data-e-type=\"widget\" data-widget_type=\"button.default\">\n\t\t\t\t<div class=\"elementor-widget-container\">\n\t\t\t\t\t\t\t\t\t<div class=\"elementor-button-wrapper\">\n\t\t\t\t\t<a class=\"elementor-button elementor-button-link elementor-size-sm\" href=\"https:\/\/lartaly.com\/fr\/boutique\/\">\n\t\t\t\t\t\t<span class=\"elementor-button-content-wrapper\">\n\t\t\t\t\t\t\t\t\t<span class=\"elementor-button-text\">BOUTIQUE<\/span>\n\t\t\t\t\t<\/span>\n\t\t\t\t\t<\/a>\n\t\t\t\t<\/div>\n\t\t\t\t\t\t\t\t<\/div>\n\t\t\t\t<\/div>\n\t\t\t\t<div class=\"elementor-element elementor-element-ac8790c elementor-align-center elementor-widget elementor-widget-button\" data-id=\"ac8790c\" data-element_type=\"widget\" data-e-type=\"widget\" data-widget_type=\"button.default\">\n\t\t\t\t<div class=\"elementor-widget-container\">\n\t\t\t\t\t\t\t\t\t<div class=\"elementor-button-wrapper\">\n\t\t\t\t\t<a class=\"elementor-button elementor-button-link elementor-size-sm\" href=\"https:\/\/lartaly.com\/fr\/contact\/\">\n\t\t\t\t\t\t<span class=\"elementor-button-content-wrapper\">\n\t\t\t\t\t\t\t\t\t<span class=\"elementor-button-text\">CONTACT<\/span>\n\t\t\t\t\t<\/span>\n\t\t\t\t\t<\/a>\n\t\t\t\t<\/div>\n\t\t\t\t\t\t\t\t<\/div>\n\t\t\t\t<\/div>\n\t\t\t\t<\/div>\n\t\t\t\t\t<\/div>\n\t\t\t\t<\/div>\n\t\t\t\t<\/div>\n\t\t<div class=\"elementor-element elementor-element-a0a85d4 e-con-full e-flex e-con e-child\" data-id=\"a0a85d4\" data-element_type=\"container\" data-e-type=\"container\">\n\t\t\t\t<\/div>\n\t\t\t\t<\/div>\n\t\t\t\t<\/div>\n\t\t\t\t<\/div>\n\t\t","protected":false},"excerpt":{"rendered":"<p>Mentions L\u00e9gales L\u2019\u00e9diteur : LARTALY 8 rue de la gare 34390 PREMIANArtiste auteur, cr\u00e9ation d\u2019\u0153uvres originales au sens de la&#8230;<\/p>\n","protected":false},"author":2,"featured_media":0,"parent":0,"menu_order":0,"comment_status":"closed","ping_status":"closed","template":"","meta":{"_uag_custom_page_level_css":"","footnotes":""},"class_list":["post-5805","page","type-page","status-publish","hentry"],"uagb_featured_image_src":{"full":false,"thumbnail":false,"medium":false,"medium_large":false,"large":false,"1536x1536":false,"2048x2048":false,"trp-custom-language-flag":false,"wishsuite-image":false,"woocommerce_thumbnail":false,"woocommerce_single":false,"woocommerce_gallery_thumbnail":false},"uagb_author_info":{"display_name":"WEELOT","author_link":"https:\/\/lartaly.com\/fr\/author\/weelot\/"},"uagb_comment_info":0,"uagb_excerpt":"Mentions L\u00e9gales L\u2019\u00e9diteur : LARTALY 8 rue de la gare 34390 PREMIANArtiste auteur, cr\u00e9ation d\u2019\u0153uvres originales au sens de la...","_links":{"self":[{"href":"https:\/\/lartaly.com\/fr\/wp-json\/wp\/v2\/pages\/5805","targetHints":{"allow":["GET"]}}],"collection":[{"href":"https:\/\/lartaly.com\/fr\/wp-json\/wp\/v2\/pages"}],"about":[{"href":"https:\/\/lartaly.com\/fr\/wp-json\/wp\/v2\/types\/page"}],"author":[{"embeddable":true,"href":"https:\/\/lartaly.com\/fr\/wp-json\/wp\/v2\/users\/2"}],"replies":[{"embeddable":true,"href":"https:\/\/lartaly.com\/fr\/wp-json\/wp\/v2\/comments?post=5805"}],"version-history":[{"count":13,"href":"https:\/\/lartaly.com\/fr\/wp-json\/wp\/v2\/pages\/5805\/revisions"}],"predecessor-version":[{"id":6201,"href":"https:\/\/lartaly.com\/fr\/wp-json\/wp\/v2\/pages\/5805\/revisions\/6201"}],"wp:attachment":[{"href":"https:\/\/lartaly.com\/fr\/wp-json\/wp\/v2\/media?parent=5805"}],"curies":[{"name":"wp","href":"https:\/\/api.w.org\/{rel}","templated":true}]}}