{"id":7303,"date":"2026-04-09T09:20:58","date_gmt":"2026-04-09T09:20:58","guid":{"rendered":"https:\/\/lartaly.com\/?post_type=product&#038;p=7303"},"modified":"2026-04-18T13:07:25","modified_gmt":"2026-04-18T13:07:25","slug":"sous-la-pluie","status":"publish","type":"product","link":"https:\/\/lartaly.com\/en\/product\/sous-la-pluie\/","title":{"rendered":"Sous la pluie"},"content":{"rendered":"<p>Pos\u00e9 sur un bouquet de feuilles humides, l\u2019oiseau veille. Son plumage mauve, bleu-gris et ocre capte une lumi\u00e8re silencieuse, presque irr\u00e9elle. Rien ne presse. La pluie tombe, le monde ralentit.<br data-start=\"403\" data-end=\"406\" \/>La nature murmure ici une histoire \u2014 celle de la douceur et du myst\u00e8re. Dans cette atmosph\u00e8re humide, l\u2019oiseau, serein et pr\u00e9sent, semble en m\u00e9ditation, en parfaite harmonie avec les \u00e9l\u00e9ments.<\/p>","protected":false},"excerpt":{"rendered":"<p><strong>Acrylic on canvas<\/strong><\/p>\n<p>Un oiseau au plumage mauve, bleu-gris et ocre se tient sur de larges feuilles luisantes, immobile sous une pluie fine.<\/p>","protected":false},"featured_media":7343,"comment_status":"open","ping_status":"closed","template":"","meta":{"_uag_custom_page_level_css":""},"product_brand":[121],"product_cat":[65],"product_tag":[104,114,94],"class_list":{"0":"post-7303","1":"product","2":"type-product","3":"status-publish","4":"has-post-thumbnail","6":"product_brand-30x40","7":"product_cat-toile","8":"product_tag-animaux","9":"product_tag-nature","10":"product_tag-oiseau","12":"first","13":"instock","14":"shipping-taxable","15":"purchasable","16":"product-type-simple"},"uagb_featured_image_src":{"full":["https:\/\/lartaly.com\/wp-content\/uploads\/2026\/04\/20260418_145536.jpg",892,938,false],"thumbnail":["https:\/\/lartaly.com\/wp-content\/uploads\/2026\/04\/20260418_145536-150x150.jpg",150,150,true],"medium":["https:\/\/lartaly.com\/wp-content\/uploads\/2026\/04\/20260418_145536-285x300.jpg",285,300,true],"medium_large":["https:\/\/lartaly.com\/wp-content\/uploads\/2026\/04\/20260418_145536-768x808.jpg",768,808,true],"large":["https:\/\/lartaly.com\/wp-content\/uploads\/2026\/04\/20260418_145536.jpg",892,938,false],"1536x1536":["https:\/\/lartaly.com\/wp-content\/uploads\/2026\/04\/20260418_145536.jpg",892,938,false],"2048x2048":["https:\/\/lartaly.com\/wp-content\/uploads\/2026\/04\/20260418_145536.jpg",892,938,false],"trp-custom-language-flag":["https:\/\/lartaly.com\/wp-content\/uploads\/2026\/04\/20260418_145536-11x12.jpg",11,12,true],"wishsuite-image":["https:\/\/lartaly.com\/wp-content\/uploads\/2026\/04\/20260418_145536-150x150.jpg",150,150,true],"woocommerce_thumbnail":["https:\/\/lartaly.com\/wp-content\/uploads\/2026\/04\/20260418_145536-300x300.jpg",300,300,true],"woocommerce_single":["https:\/\/lartaly.com\/wp-content\/uploads\/2026\/04\/20260418_145536-600x631.jpg",600,631,true],"woocommerce_gallery_thumbnail":["https:\/\/lartaly.com\/wp-content\/uploads\/2026\/04\/20260418_145536-100x100.jpg",100,100,true]},"uagb_author_info":{"display_name":"Taly","author_link":"https:\/\/lartaly.com\/en\/author\/"},"uagb_comment_info":0,"uagb_excerpt":"Acrylique sur toile Un oiseau au plumage mauve, bleu-gris et ocre se tient sur de larges feuilles luisantes, immobile sous une pluie fine.","_links":{"self":[{"href":"https:\/\/lartaly.com\/en\/wp-json\/wp\/v2\/product\/7303","targetHints":{"allow":["GET"]}}],"collection":[{"href":"https:\/\/lartaly.com\/en\/wp-json\/wp\/v2\/product"}],"about":[{"href":"https:\/\/lartaly.com\/en\/wp-json\/wp\/v2\/types\/product"}],"replies":[{"embeddable":true,"href":"https:\/\/lartaly.com\/en\/wp-json\/wp\/v2\/comments?post=7303"}],"wp:featuredmedia":[{"embeddable":true,"href":"https:\/\/lartaly.com\/en\/wp-json\/wp\/v2\/media\/7343"}],"wp:attachment":[{"href":"https:\/\/lartaly.com\/en\/wp-json\/wp\/v2\/media?parent=7303"}],"wp:term":[{"taxonomy":"product_brand","embeddable":true,"href":"https:\/\/lartaly.com\/en\/wp-json\/wp\/v2\/product_brand?post=7303"},{"taxonomy":"product_cat","embeddable":true,"href":"https:\/\/lartaly.com\/en\/wp-json\/wp\/v2\/product_cat?post=7303"},{"taxonomy":"product_tag","embeddable":true,"href":"https:\/\/lartaly.com\/en\/wp-json\/wp\/v2\/product_tag?post=7303"}],"curies":[{"name":"wp","href":"https:\/\/api.w.org\/{rel}","templated":true}]}}