{"id":6930,"date":"2025-12-01T17:05:59","date_gmt":"2025-12-01T17:05:59","guid":{"rendered":"https:\/\/lartaly.com\/?post_type=product&#038;p=6930"},"modified":"2026-02-09T16:32:42","modified_gmt":"2026-02-09T16:32:42","slug":"le-bouddha-et-les-cinq-elements","status":"publish","type":"product","link":"https:\/\/lartaly.com\/en\/product\/le-bouddha-et-les-cinq-elements\/","title":{"rendered":"Le bouddha et les cinq \u00e9l\u00e9ments"},"content":{"rendered":"<p>Cette toile interroge l\u2019\u00e9quilibre entre la spiritualit\u00e9 et la mati\u00e8re en s\u2019appuyant sur la puissance symbolique des cinq \u00e9l\u00e9ments. TIAN TAN majestueux bouddha de Hong Kong en m\u00e9tal, d\u00e9voile des teintes brunes et un vert-de-gris subtilement patin\u00e9 par le temps. Sa tunique t\u00e9moigne de cette fusion entre transformation et mati\u00e8re, tandis que ses mains, dans des nuances de pierre gris-vert-blanc, \u00e9voquent ancrage et s\u00e9r\u00e9nit\u00e9. \u00c0 l\u2019arri\u00e8re-plan, la mer incarne l\u2019eau, le coucher de soleil devient le feu, et deux jonques glissent dans l\u2019air, compl\u00e9tant cette harmonie \u00e9l\u00e9mentaire.<\/p>\n<hr data-start=\"688\" data-end=\"691\" \/>","protected":false},"excerpt":{"rendered":"<p><strong>Acrylic on canvas<\/strong><\/p>\n<p>Chaque nuance et texture dialogue avec les \u00e9l\u00e9ments \u2014 bois, feu, terre, m\u00e9tal, eau \u2014 une invitation \u00e0 ressentir \u00e0 la fois la force, l\u2019\u00e9quilibre et la tranquillit\u00e9. Une rencontre contemporaine entre spiritualit\u00e9 et mati\u00e8re, o\u00f9 l\u2019\u00e9nergie des \u00e9l\u00e9ments se refl\u00e8te dans chaque d\u00e9tail.<\/p>","protected":false},"featured_media":6504,"comment_status":"open","ping_status":"closed","template":"","meta":{"_uag_custom_page_level_css":""},"product_brand":[117],"product_cat":[66],"product_tag":[90,112,83,102],"class_list":{"0":"post-6930","1":"product","2":"type-product","3":"status-publish","4":"has-post-thumbnail","6":"product_brand-80x80","7":"product_cat-rouleau","8":"product_tag-arbre","9":"product_tag-bleu","10":"product_tag-mer","11":"product_tag-paysage","13":"first","14":"instock","15":"shipping-taxable","16":"purchasable","17":"product-type-simple"},"uagb_featured_image_src":{"full":["https:\/\/lartaly.com\/wp-content\/uploads\/2025\/11\/t-1.jpg",1577,1629,false],"thumbnail":["https:\/\/lartaly.com\/wp-content\/uploads\/2025\/11\/t-1-150x150.jpg",150,150,true],"medium":["https:\/\/lartaly.com\/wp-content\/uploads\/2025\/11\/t-1-290x300.jpg",290,300,true],"medium_large":["https:\/\/lartaly.com\/wp-content\/uploads\/2025\/11\/t-1-768x793.jpg",768,793,true],"large":["https:\/\/lartaly.com\/wp-content\/uploads\/2025\/11\/t-1-991x1024.jpg",991,1024,true],"1536x1536":["https:\/\/lartaly.com\/wp-content\/uploads\/2025\/11\/t-1-1487x1536.jpg",1487,1536,true],"2048x2048":["https:\/\/lartaly.com\/wp-content\/uploads\/2025\/11\/t-1.jpg",1577,1629,false],"trp-custom-language-flag":["https:\/\/lartaly.com\/wp-content\/uploads\/2025\/11\/t-1-12x12.jpg",12,12,true],"wishsuite-image":["https:\/\/lartaly.com\/wp-content\/uploads\/2025\/11\/t-1-150x150.jpg",150,150,true],"woocommerce_thumbnail":["https:\/\/lartaly.com\/wp-content\/uploads\/2025\/11\/t-1-300x300.jpg",300,300,true],"woocommerce_single":["https:\/\/lartaly.com\/wp-content\/uploads\/2025\/11\/t-1-600x620.jpg",600,620,true],"woocommerce_gallery_thumbnail":["https:\/\/lartaly.com\/wp-content\/uploads\/2025\/11\/t-1-100x100.jpg",100,100,true]},"uagb_author_info":{"display_name":"Taly","author_link":"https:\/\/lartaly.com\/en\/author\/"},"uagb_comment_info":0,"uagb_excerpt":"Acrylique sur toile Chaque nuance et texture dialogue avec les \u00e9l\u00e9ments \u2014 bois, feu, terre, m\u00e9tal, eau \u2014 une invitation \u00e0 ressentir \u00e0 la fois la force, l\u2019\u00e9quilibre et la tranquillit\u00e9. Une rencontre contemporaine entre spiritualit\u00e9 et mati\u00e8re, o\u00f9 l\u2019\u00e9nergie des \u00e9l\u00e9ments se refl\u00e8te dans chaque d\u00e9tail.","_links":{"self":[{"href":"https:\/\/lartaly.com\/en\/wp-json\/wp\/v2\/product\/6930","targetHints":{"allow":["GET"]}}],"collection":[{"href":"https:\/\/lartaly.com\/en\/wp-json\/wp\/v2\/product"}],"about":[{"href":"https:\/\/lartaly.com\/en\/wp-json\/wp\/v2\/types\/product"}],"replies":[{"embeddable":true,"href":"https:\/\/lartaly.com\/en\/wp-json\/wp\/v2\/comments?post=6930"}],"wp:featuredmedia":[{"embeddable":true,"href":"https:\/\/lartaly.com\/en\/wp-json\/wp\/v2\/media\/6504"}],"wp:attachment":[{"href":"https:\/\/lartaly.com\/en\/wp-json\/wp\/v2\/media?parent=6930"}],"wp:term":[{"taxonomy":"product_brand","embeddable":true,"href":"https:\/\/lartaly.com\/en\/wp-json\/wp\/v2\/product_brand?post=6930"},{"taxonomy":"product_cat","embeddable":true,"href":"https:\/\/lartaly.com\/en\/wp-json\/wp\/v2\/product_cat?post=6930"},{"taxonomy":"product_tag","embeddable":true,"href":"https:\/\/lartaly.com\/en\/wp-json\/wp\/v2\/product_tag?post=6930"}],"curies":[{"name":"wp","href":"https:\/\/api.w.org\/{rel}","templated":true}]}}