{"id":6568,"date":"2025-11-10T12:15:16","date_gmt":"2025-11-10T12:15:16","guid":{"rendered":"https:\/\/lartaly.com\/?post_type=product&#038;p=6568"},"modified":"2026-02-09T10:21:54","modified_gmt":"2026-02-09T10:21:54","slug":"tarassac-bridge","status":"publish","type":"product","link":"https:\/\/lartaly.com\/en\/product\/tarassac-bridge\/","title":{"rendered":"Tarassac bridge"},"content":{"rendered":"<p>Suspendu au-dessus de la rivi\u00e8re, le pont bleu traverse un \u00e9crin de verdure. Derri\u00e8re lui, le massif du Caroux et les gorges d\u2019H\u00e9ric dessinent un horizon sauvage et lumineux.<\/p>","protected":false},"excerpt":{"rendered":"<p><strong>Acrylic on canvas<\/strong><\/p>\n<p>Une ode \u00e0 la lumi\u00e8re du Sud.<br data-start=\"514\" data-end=\"517\" \/>Suspendu au-dessus de la rivi\u00e8re, le pont bleu traverse un \u00e9crin de verdure.<\/p>","protected":false},"featured_media":6473,"comment_status":"open","ping_status":"closed","template":"","meta":{"_uag_custom_page_level_css":""},"product_brand":[77],"product_cat":[65],"product_tag":[90,112,114,102,101],"class_list":{"0":"post-6568","1":"product","2":"type-product","3":"status-publish","4":"has-post-thumbnail","6":"product_brand-46x55","7":"product_cat-toile","8":"product_tag-arbre","9":"product_tag-bleu","10":"product_tag-nature","11":"product_tag-paysage","12":"product_tag-pont","14":"first","15":"instock","16":"shipping-taxable","17":"purchasable","18":"product-type-simple"},"uagb_featured_image_src":{"full":["https:\/\/lartaly.com\/wp-content\/uploads\/2025\/10\/ART06737-scaled.jpg",2560,2560,false],"thumbnail":["https:\/\/lartaly.com\/wp-content\/uploads\/2025\/10\/ART06737-150x150.jpg",150,150,true],"medium":["https:\/\/lartaly.com\/wp-content\/uploads\/2025\/10\/ART06737-300x300.jpg",300,300,true],"medium_large":["https:\/\/lartaly.com\/wp-content\/uploads\/2025\/10\/ART06737-768x768.jpg",768,768,true],"large":["https:\/\/lartaly.com\/wp-content\/uploads\/2025\/10\/ART06737-1024x1024.jpg",1024,1024,true],"1536x1536":["https:\/\/lartaly.com\/wp-content\/uploads\/2025\/10\/ART06737-1536x1536.jpg",1536,1536,true],"2048x2048":["https:\/\/lartaly.com\/wp-content\/uploads\/2025\/10\/ART06737-2048x2048.jpg",2048,2048,true],"trp-custom-language-flag":["https:\/\/lartaly.com\/wp-content\/uploads\/2025\/10\/ART06737-12x12.jpg",12,12,true],"wishsuite-image":["https:\/\/lartaly.com\/wp-content\/uploads\/2025\/10\/ART06737-150x150.jpg",150,150,true],"woocommerce_thumbnail":["https:\/\/lartaly.com\/wp-content\/uploads\/2025\/10\/ART06737-300x300.jpg",300,300,true],"woocommerce_single":["https:\/\/lartaly.com\/wp-content\/uploads\/2025\/10\/ART06737-600x600.jpg",600,600,true],"woocommerce_gallery_thumbnail":["https:\/\/lartaly.com\/wp-content\/uploads\/2025\/10\/ART06737-100x100.jpg",100,100,true]},"uagb_author_info":{"display_name":"Taly","author_link":"https:\/\/lartaly.com\/en\/author\/"},"uagb_comment_info":0,"uagb_excerpt":"Acrylique sur toile Une ode \u00e0 la lumi\u00e8re du Sud.Suspendu au-dessus de la rivi\u00e8re, le pont bleu traverse un \u00e9crin de verdure.","_links":{"self":[{"href":"https:\/\/lartaly.com\/en\/wp-json\/wp\/v2\/product\/6568","targetHints":{"allow":["GET"]}}],"collection":[{"href":"https:\/\/lartaly.com\/en\/wp-json\/wp\/v2\/product"}],"about":[{"href":"https:\/\/lartaly.com\/en\/wp-json\/wp\/v2\/types\/product"}],"replies":[{"embeddable":true,"href":"https:\/\/lartaly.com\/en\/wp-json\/wp\/v2\/comments?post=6568"}],"wp:featuredmedia":[{"embeddable":true,"href":"https:\/\/lartaly.com\/en\/wp-json\/wp\/v2\/media\/6473"}],"wp:attachment":[{"href":"https:\/\/lartaly.com\/en\/wp-json\/wp\/v2\/media?parent=6568"}],"wp:term":[{"taxonomy":"product_brand","embeddable":true,"href":"https:\/\/lartaly.com\/en\/wp-json\/wp\/v2\/product_brand?post=6568"},{"taxonomy":"product_cat","embeddable":true,"href":"https:\/\/lartaly.com\/en\/wp-json\/wp\/v2\/product_cat?post=6568"},{"taxonomy":"product_tag","embeddable":true,"href":"https:\/\/lartaly.com\/en\/wp-json\/wp\/v2\/product_tag?post=6568"}],"curies":[{"name":"wp","href":"https:\/\/api.w.org\/{rel}","templated":true}]}}