{"id":6323,"date":"2025-04-26T15:43:24","date_gmt":"2025-04-26T15:43:24","guid":{"rendered":"https:\/\/lartaly.com\/?post_type=product&#038;p=6323"},"modified":"2026-02-09T16:31:11","modified_gmt":"2026-02-09T16:31:11","slug":"lordre-et-le-sauvage","status":"publish","type":"product","link":"https:\/\/lartaly.com\/en\/product\/lordre-et-le-sauvage\/","title":{"rendered":"L&rsquo;ordre et le sauvage"},"content":{"rendered":"<p>Deux tigres, un seul regard. L&rsquo;un vibre d&rsquo;instinct, de muscles, de silence animal. L&rsquo;autre est pens\u00e9e, de forme g\u00e9om\u00e9trique, abstraction fig\u00e9e. Ici, la jungle n&rsquo;est pas seulement un d\u00e9cor, elle est t\u00e9moin d&rsquo;un dialogue.\u00a0 Entre ce que la nature fa\u00e7onne&#8230; et ce que l&rsquo;humain tente de reconstruire.<\/p>","protected":false},"excerpt":{"rendered":"<p><strong>Huile sur toile encadr\u00e9e. Bois profil plat largeur 2cm hauteur 3.3cm<br \/>\ncouleur noir satin\u00e9<\/strong><\/p>\n<p>Etat des lieux d&rsquo;un tigre partag\u00e9. Dans cette toile, deux styles , le r\u00e9alisme et le cubisme. Le tigre que nous portons en nous, une vie libre et domestiqu\u00e9e et un c\u00f4t\u00e9 sauvage et structur\u00e9. Les deux moiti\u00e9s d&rsquo;un m\u00eame \u00eatre.<\/p>","protected":false},"featured_media":6500,"comment_status":"open","ping_status":"closed","template":"","meta":{"_uag_custom_page_level_css":""},"product_brand":[111],"product_cat":[65],"product_tag":[104],"class_list":{"0":"post-6323","1":"product","2":"type-product","3":"status-publish","4":"has-post-thumbnail","6":"product_brand-72x57","7":"product_cat-toile","8":"product_tag-animaux","10":"first","11":"instock","12":"shipping-taxable","13":"purchasable","14":"product-type-simple"},"uagb_featured_image_src":{"full":["https:\/\/lartaly.com\/wp-content\/uploads\/2025\/11\/cadre-scaled.jpg",2560,1920,false],"thumbnail":["https:\/\/lartaly.com\/wp-content\/uploads\/2025\/11\/cadre-150x150.jpg",150,150,true],"medium":["https:\/\/lartaly.com\/wp-content\/uploads\/2025\/11\/cadre-300x225.jpg",300,225,true],"medium_large":["https:\/\/lartaly.com\/wp-content\/uploads\/2025\/11\/cadre-768x576.jpg",768,576,true],"large":["https:\/\/lartaly.com\/wp-content\/uploads\/2025\/11\/cadre-1024x768.jpg",1024,768,true],"1536x1536":["https:\/\/lartaly.com\/wp-content\/uploads\/2025\/11\/cadre-1536x1152.jpg",1536,1152,true],"2048x2048":["https:\/\/lartaly.com\/wp-content\/uploads\/2025\/11\/cadre-2048x1536.jpg",2048,1536,true],"trp-custom-language-flag":["https:\/\/lartaly.com\/wp-content\/uploads\/2025\/11\/cadre-16x12.jpg",16,12,true],"wishsuite-image":["https:\/\/lartaly.com\/wp-content\/uploads\/2025\/11\/cadre-150x150.jpg",150,150,true],"woocommerce_thumbnail":["https:\/\/lartaly.com\/wp-content\/uploads\/2025\/11\/cadre-300x300.jpg",300,300,true],"woocommerce_single":["https:\/\/lartaly.com\/wp-content\/uploads\/2025\/11\/cadre-600x450.jpg",600,450,true],"woocommerce_gallery_thumbnail":["https:\/\/lartaly.com\/wp-content\/uploads\/2025\/11\/cadre-100x100.jpg",100,100,true]},"uagb_author_info":{"display_name":"Taly","author_link":"https:\/\/lartaly.com\/en\/author\/"},"uagb_comment_info":0,"uagb_excerpt":"Huile sur toile encadr\u00e9e. Bois profil plat largeur 2cm hauteur 3.3cm couleur noir satin\u00e9 Etat des lieux d'un tigre partag\u00e9. Dans cette toile, deux styles , le r\u00e9alisme et le cubisme. Le tigre que nous portons en nous, une vie libre et domestiqu\u00e9e et un c\u00f4t\u00e9 sauvage et structur\u00e9. Les deux moiti\u00e9s d'un m\u00eame \u00eatre.","_links":{"self":[{"href":"https:\/\/lartaly.com\/en\/wp-json\/wp\/v2\/product\/6323","targetHints":{"allow":["GET"]}}],"collection":[{"href":"https:\/\/lartaly.com\/en\/wp-json\/wp\/v2\/product"}],"about":[{"href":"https:\/\/lartaly.com\/en\/wp-json\/wp\/v2\/types\/product"}],"replies":[{"embeddable":true,"href":"https:\/\/lartaly.com\/en\/wp-json\/wp\/v2\/comments?post=6323"}],"wp:featuredmedia":[{"embeddable":true,"href":"https:\/\/lartaly.com\/en\/wp-json\/wp\/v2\/media\/6500"}],"wp:attachment":[{"href":"https:\/\/lartaly.com\/en\/wp-json\/wp\/v2\/media?parent=6323"}],"wp:term":[{"taxonomy":"product_brand","embeddable":true,"href":"https:\/\/lartaly.com\/en\/wp-json\/wp\/v2\/product_brand?post=6323"},{"taxonomy":"product_cat","embeddable":true,"href":"https:\/\/lartaly.com\/en\/wp-json\/wp\/v2\/product_cat?post=6323"},{"taxonomy":"product_tag","embeddable":true,"href":"https:\/\/lartaly.com\/en\/wp-json\/wp\/v2\/product_tag?post=6323"}],"curies":[{"name":"wp","href":"https:\/\/api.w.org\/{rel}","templated":true}]}}