{"id":5365,"date":"2025-02-01T20:27:18","date_gmt":"2025-02-01T20:27:18","guid":{"rendered":"https:\/\/lartaly.com\/?post_type=product&#038;p=5365"},"modified":"2026-01-14T22:22:40","modified_gmt":"2026-01-14T22:22:40","slug":"american-farm","status":"publish","type":"product","link":"https:\/\/lartaly.com\/en\/product\/american-farm\/","title":{"rendered":"La grange"},"content":{"rendered":"<p><span style=\"font-size: 20px;\">Inspiration champ\u00eatre, avec une grange du XVIII -\u00e8me et sa charrue dans le pr\u00e9 \u00e0 proximit\u00e9 d&rsquo;une cl\u00f4ture.<\/span><\/p>","protected":false},"excerpt":{"rendered":"<p><span style=\"font-size: 18px;\"><strong>Acrylic on canvas<\/strong><\/span><\/p>\n<p><span style=\"font-size: 18px;\">An 18th century barn and a plough in a meadow.<\/span><\/p>","protected":false},"featured_media":5524,"comment_status":"closed","ping_status":"closed","template":"","meta":{"_uag_custom_page_level_css":""},"product_brand":[79],"product_cat":[66],"product_tag":[90,102],"class_list":{"0":"post-5365","1":"product","2":"type-product","3":"status-publish","4":"has-post-thumbnail","6":"product_brand-75x58","7":"product_cat-rouleau","8":"product_tag-arbre","9":"product_tag-paysage","11":"first","12":"instock","13":"sold-individually","14":"shipping-taxable","15":"purchasable","16":"product-type-simple"},"uagb_featured_image_src":{"full":["https:\/\/lartaly.com\/wp-content\/uploads\/2025\/02\/WhatsApp-Image-2025-02-03-a-11.36.39_8367d9d7.jpg",1096,1066,false],"thumbnail":["https:\/\/lartaly.com\/wp-content\/uploads\/2025\/02\/WhatsApp-Image-2025-02-03-a-11.36.39_8367d9d7-150x150.jpg",150,150,true],"medium":["https:\/\/lartaly.com\/wp-content\/uploads\/2025\/02\/WhatsApp-Image-2025-02-03-a-11.36.39_8367d9d7-300x292.jpg",300,292,true],"medium_large":["https:\/\/lartaly.com\/wp-content\/uploads\/2025\/02\/WhatsApp-Image-2025-02-03-a-11.36.39_8367d9d7-768x747.jpg",768,747,true],"large":["https:\/\/lartaly.com\/wp-content\/uploads\/2025\/02\/WhatsApp-Image-2025-02-03-a-11.36.39_8367d9d7-1024x996.jpg",1024,996,true],"1536x1536":["https:\/\/lartaly.com\/wp-content\/uploads\/2025\/02\/WhatsApp-Image-2025-02-03-a-11.36.39_8367d9d7.jpg",1096,1066,false],"2048x2048":["https:\/\/lartaly.com\/wp-content\/uploads\/2025\/02\/WhatsApp-Image-2025-02-03-a-11.36.39_8367d9d7.jpg",1096,1066,false],"trp-custom-language-flag":["https:\/\/lartaly.com\/wp-content\/uploads\/2025\/02\/WhatsApp-Image-2025-02-03-a-11.36.39_8367d9d7-12x12.jpg",12,12,true],"wishsuite-image":["https:\/\/lartaly.com\/wp-content\/uploads\/2025\/02\/WhatsApp-Image-2025-02-03-a-11.36.39_8367d9d7-150x150.jpg",150,150,true],"woocommerce_thumbnail":["https:\/\/lartaly.com\/wp-content\/uploads\/2025\/02\/WhatsApp-Image-2025-02-03-a-11.36.39_8367d9d7-300x300.jpg",300,300,true],"woocommerce_single":["https:\/\/lartaly.com\/wp-content\/uploads\/2025\/02\/WhatsApp-Image-2025-02-03-a-11.36.39_8367d9d7-600x584.jpg",600,584,true],"woocommerce_gallery_thumbnail":["https:\/\/lartaly.com\/wp-content\/uploads\/2025\/02\/WhatsApp-Image-2025-02-03-a-11.36.39_8367d9d7-100x100.jpg",100,100,true]},"uagb_author_info":{"display_name":"Taly","author_link":"https:\/\/lartaly.com\/en\/author\/"},"uagb_comment_info":0,"uagb_excerpt":"Acrylique sur toile Une grange du XVIII -\u00e8me et une charrue dans un pr\u00e9.","_links":{"self":[{"href":"https:\/\/lartaly.com\/en\/wp-json\/wp\/v2\/product\/5365","targetHints":{"allow":["GET"]}}],"collection":[{"href":"https:\/\/lartaly.com\/en\/wp-json\/wp\/v2\/product"}],"about":[{"href":"https:\/\/lartaly.com\/en\/wp-json\/wp\/v2\/types\/product"}],"replies":[{"embeddable":true,"href":"https:\/\/lartaly.com\/en\/wp-json\/wp\/v2\/comments?post=5365"}],"wp:featuredmedia":[{"embeddable":true,"href":"https:\/\/lartaly.com\/en\/wp-json\/wp\/v2\/media\/5524"}],"wp:attachment":[{"href":"https:\/\/lartaly.com\/en\/wp-json\/wp\/v2\/media?parent=5365"}],"wp:term":[{"taxonomy":"product_brand","embeddable":true,"href":"https:\/\/lartaly.com\/en\/wp-json\/wp\/v2\/product_brand?post=5365"},{"taxonomy":"product_cat","embeddable":true,"href":"https:\/\/lartaly.com\/en\/wp-json\/wp\/v2\/product_cat?post=5365"},{"taxonomy":"product_tag","embeddable":true,"href":"https:\/\/lartaly.com\/en\/wp-json\/wp\/v2\/product_tag?post=5365"}],"curies":[{"name":"wp","href":"https:\/\/api.w.org\/{rel}","templated":true}]}}