{"id":5364,"date":"2025-02-01T20:20:54","date_gmt":"2025-02-01T20:20:54","guid":{"rendered":"https:\/\/lartaly.com\/?post_type=product&#038;p=5364"},"modified":"2026-01-20T01:35:14","modified_gmt":"2026-01-20T01:35:14","slug":"les-garcons-a-la-riviere","status":"publish","type":"product","link":"https:\/\/lartaly.com\/en\/product\/les-garcons-a-la-riviere\/","title":{"rendered":"Les gar\u00e7ons \u00e0 la rivi\u00e8re"},"content":{"rendered":"<p><span style=\"font-size: 20px;\">Sous la chaleur de l&rsquo;\u00e9t\u00e9, des gar\u00e7ons sont assis sur les galets et regardent la rivi\u00e8re dans laquelle ils viennent de se baigner. Le plus jeune raconte comment il saute du haut du rocher avant d&rsquo;y retourner.<\/span><\/p>","protected":false},"excerpt":{"rendered":"<p><span style=\"font-size: 18px;\"><strong>Oil on canvas<\/strong><\/span><\/p>\n<p><span style=\"font-size: 18px;\">In the summer heat, boys sit on pebbles facing the river.<\/span><\/p>","protected":false},"featured_media":6435,"comment_status":"closed","ping_status":"closed","template":"","meta":{"_uag_custom_page_level_css":""},"product_brand":[71],"product_cat":[65],"product_tag":[90,102,103],"class_list":{"0":"post-5364","1":"product","2":"type-product","3":"status-publish","4":"has-post-thumbnail","6":"product_brand-50x70","7":"product_cat-toile","8":"product_tag-arbre","9":"product_tag-paysage","10":"product_tag-personnage","12":"first","13":"instock","14":"sold-individually","15":"shipping-taxable","16":"purchasable","17":"product-type-simple"},"uagb_featured_image_src":{"full":["https:\/\/lartaly.com\/wp-content\/uploads\/2025\/02\/A-Les-garcons-au-bord-de-lOrb-scaled.jpg",2560,2560,false],"thumbnail":["https:\/\/lartaly.com\/wp-content\/uploads\/2025\/02\/A-Les-garcons-au-bord-de-lOrb-150x150.jpg",150,150,true],"medium":["https:\/\/lartaly.com\/wp-content\/uploads\/2025\/02\/A-Les-garcons-au-bord-de-lOrb-300x300.jpg",300,300,true],"medium_large":["https:\/\/lartaly.com\/wp-content\/uploads\/2025\/02\/A-Les-garcons-au-bord-de-lOrb-768x768.jpg",768,768,true],"large":["https:\/\/lartaly.com\/wp-content\/uploads\/2025\/02\/A-Les-garcons-au-bord-de-lOrb-1024x1024.jpg",1024,1024,true],"1536x1536":["https:\/\/lartaly.com\/wp-content\/uploads\/2025\/02\/A-Les-garcons-au-bord-de-lOrb-1536x1536.jpg",1536,1536,true],"2048x2048":["https:\/\/lartaly.com\/wp-content\/uploads\/2025\/02\/A-Les-garcons-au-bord-de-lOrb-2048x2048.jpg",2048,2048,true],"trp-custom-language-flag":["https:\/\/lartaly.com\/wp-content\/uploads\/2025\/02\/A-Les-garcons-au-bord-de-lOrb-12x12.jpg",12,12,true],"wishsuite-image":["https:\/\/lartaly.com\/wp-content\/uploads\/2025\/02\/A-Les-garcons-au-bord-de-lOrb-150x150.jpg",150,150,true],"woocommerce_thumbnail":["https:\/\/lartaly.com\/wp-content\/uploads\/2025\/02\/A-Les-garcons-au-bord-de-lOrb-300x300.jpg",300,300,true],"woocommerce_single":["https:\/\/lartaly.com\/wp-content\/uploads\/2025\/02\/A-Les-garcons-au-bord-de-lOrb-600x600.jpg",600,600,true],"woocommerce_gallery_thumbnail":["https:\/\/lartaly.com\/wp-content\/uploads\/2025\/02\/A-Les-garcons-au-bord-de-lOrb-100x100.jpg",100,100,true]},"uagb_author_info":{"display_name":"Taly","author_link":"https:\/\/lartaly.com\/en\/author\/"},"uagb_comment_info":0,"uagb_excerpt":"Huile sur toile Sous la chaleur de l'\u00e9t\u00e9, des gar\u00e7ons assis sur des galets face \u00e0 la rivi\u00e8re.","_links":{"self":[{"href":"https:\/\/lartaly.com\/en\/wp-json\/wp\/v2\/product\/5364","targetHints":{"allow":["GET"]}}],"collection":[{"href":"https:\/\/lartaly.com\/en\/wp-json\/wp\/v2\/product"}],"about":[{"href":"https:\/\/lartaly.com\/en\/wp-json\/wp\/v2\/types\/product"}],"replies":[{"embeddable":true,"href":"https:\/\/lartaly.com\/en\/wp-json\/wp\/v2\/comments?post=5364"}],"wp:featuredmedia":[{"embeddable":true,"href":"https:\/\/lartaly.com\/en\/wp-json\/wp\/v2\/media\/6435"}],"wp:attachment":[{"href":"https:\/\/lartaly.com\/en\/wp-json\/wp\/v2\/media?parent=5364"}],"wp:term":[{"taxonomy":"product_brand","embeddable":true,"href":"https:\/\/lartaly.com\/en\/wp-json\/wp\/v2\/product_brand?post=5364"},{"taxonomy":"product_cat","embeddable":true,"href":"https:\/\/lartaly.com\/en\/wp-json\/wp\/v2\/product_cat?post=5364"},{"taxonomy":"product_tag","embeddable":true,"href":"https:\/\/lartaly.com\/en\/wp-json\/wp\/v2\/product_tag?post=5364"}],"curies":[{"name":"wp","href":"https:\/\/api.w.org\/{rel}","templated":true}]}}