{"id":5819,"date":"2025-02-07T16:57:26","date_gmt":"2025-02-07T16:57:26","guid":{"rendered":"https:\/\/lartaly.com\/?page_id=5819"},"modified":"2025-09-01T07:59:00","modified_gmt":"2025-09-01T07:59:00","slug":"cgv","status":"publish","type":"page","link":"https:\/\/lartaly.com\/en\/cgv\/","title":{"rendered":"Terms and conditions of sale"},"content":{"rendered":"<div data-elementor-type=\"wp-page\" data-elementor-id=\"5819\" class=\"elementor elementor-5819\" data-elementor-post-type=\"page\">\n\t\t\t\t<div class=\"elementor-element elementor-element-53c77d1 e-con-full e-flex e-con e-parent\" data-id=\"53c77d1\" data-element_type=\"container\" data-e-type=\"container\">\n\t\t\t\t<div class=\"elementor-element elementor-element-73d97ff elementor-widget elementor-widget-heading\" data-id=\"73d97ff\" data-element_type=\"widget\" data-e-type=\"widget\" data-widget_type=\"heading.default\">\n\t\t\t\t<div class=\"elementor-widget-container\">\n\t\t\t\t\t<h2 class=\"elementor-heading-title elementor-size-default\">Terms and conditions of sale<\/h2>\t\t\t\t<\/div>\n\t\t\t\t<\/div>\n\t\t\t\t<div class=\"elementor-element elementor-element-fb8ea32 elementor-widget__width-initial elementor-widget elementor-widget-text-editor\" data-id=\"fb8ea32\" data-element_type=\"widget\" data-e-type=\"widget\" data-widget_type=\"text-editor.default\">\n\t\t\t\t<div class=\"elementor-widget-container\">\n\t\t\t\t\t\t\t\t\t<p><strong><span style=\"font-size: 19px;\">Terms and conditions of sale<\/span><\/strong><\/p><p><span style=\"font-size: 19px;\"><strong>Seller<\/strong> : LARTALY 8 rue de la gare 34390 PREMIAN<\/span><br \/><span style=\"font-size: 19px;\">Artist-author, creation of original works within the meaning of intellectual property.<\/span><br \/><span style=\"font-size: 19px;\">Siret 39184618500034<\/span><br \/><span style=\"font-size: 19px;\">Contact : 3481taly@gmail.com<\/span><\/p><p><strong><span style=\"font-size: 19px;\">Nature of works sold<\/span><\/strong><\/p><p><span style=\"font-size: 19px;\">All the works on offer are one-of-a-kind pieces made by us.<\/span><br \/><span style=\"font-size: 19px;\">Possibility of tax deduction for companies. The acquisition of a painting does not give any right of representation, diffusion or reproduction to its purchaser. We retain sole rights to the work. Any use of the artwork's visuals must be authorized in advance.<\/span><\/p><p><span style=\"font-size: 19px;\"><strong>Your basket, your orders<\/strong><br \/><\/span><\/p><p><span style=\"font-size: 19px;\">- Enter your contact details and country.<\/span><br \/><span style=\"font-size: 19px;\">- You accept these terms and conditions.<\/span><br \/><span style=\"font-size: 19px;\">- You pay for your order using the payment method provided.<\/span><br \/><span style=\"font-size: 19px;\">- You will receive an e-mail confirming that your order has been accepted.<\/span><br \/><span style=\"font-size: 19px;\">- We draw your attention to the non-contractual nature of the colors of the photos reproduced on the Internet, as an image on screen is always different from an original work on canvas or paper.<\/span><br \/><span style=\"font-size: 19px;\">- When validating your order, you declare that you have read and accepted the general conditions of sale.<\/span>.<\/p><p><strong><span style=\"font-size: 19px;\">Means of payment<\/span><\/strong><\/p><p><span style=\"font-size: 19px;\">- By credit card<\/span><br \/><span style=\"font-size: 19px;\">The page where you enter your bank details is encrypted (SSL technology, Secure Socket Layer). Your bank details cannot be intercepted. Your bank details (card number, expiry date and cryptogram) are not communicated to LARTALY.<\/span><\/p><p><strong><span style=\"font-size: 19px;\">Shipping and Handling<\/span><\/strong><\/p><p><span style=\"font-size: 19px;\">- Delivery will be made to the delivery address indicated within a minimum of 20 working days.<br \/>- Delivery costs will be indicated at the end of your order process and will be calculated when you choose the destination countries. Delivery costs include boxing and insurance on the value of the goods.<\/span><\/p><p><span style=\"font-size: 19px;\">Delivery charges are included in your order. They include boxing and insurance on the value of the goods.<\/span><br \/><span style=\"font-size: 19px;\">- It is your responsibility to check the condition of the parcels on receipt, and to indicate on the receipt the words \u201cunder reserve\u201d with a photo, in order to benefit from the guarantees contracted in the event of deterioration of the works.<\/span><br \/><span style=\"font-size: 19px;\">- Delivery planning: you will be informed by email of the progress of your order.<\/span><\/p><p><strong><span style=\"font-size: 19px;\">Return policy<\/span><\/strong><\/p><p><span style=\"font-size: 19px;\">In accordance with article L121-20 of the French Consumer Code, you have a 15-day cooling-off period. During this period, you may return the works to us (shipping costs will be at your expense). Reimbursement will be made within 15 days of receipt of the returned works.<\/span><br \/><span style=\"font-size: 19px;\">We will not be held responsible for any delay or non-fulfilment of the order if this is due to force majeure.<\/span><\/p><p><strong><span style=\"font-size: 19px;\">Privacy policy<\/span><\/strong><\/p><p><span style=\"font-size: 19px;\">To place an order, you will be required to provide us with certain personal information. This information will be processed by us and our service providers in order to properly process your order. By confirming your order, you authorize us to communicate this information for the sole purpose of processing your orders.<\/span><br \/><span style=\"font-size: 19px;\">In accordance with the French Data Protection Act, you can request changes to your data or ask to be removed from our database by contacting us by e-mail.<\/span><\/p><p><strong><span style=\"font-size: 19px;\">Liability and warranty<\/span><\/strong><\/p><p><span style=\"font-size: 19px;\">This contract is governed by French law. Any dispute shall be submitted to the jurisdiction <\/span><span style=\"font-size: 19px;\">exclusive des tribunaux de Montpellier.<\/span><\/p><p><span style=\"font-size: 19px;\"><strong>Terms and conditions of sale<\/strong><br \/>Shipping and insurance included.<br \/>Delivery via Colissimo.<\/span><\/p>\t\t\t\t\t\t\t\t<\/div>\n\t\t\t\t<\/div>\n\t\t<div class=\"elementor-element elementor-element-6397831 e-con-full e-flex e-con e-child\" data-id=\"6397831\" data-element_type=\"container\" data-e-type=\"container\" data-settings=\"{&quot;background_background&quot;:&quot;classic&quot;}\">\n\t\t<div class=\"elementor-element elementor-element-a6edfe7 e-con-full e-flex e-con e-child\" data-id=\"a6edfe7\" data-element_type=\"container\" data-e-type=\"container\">\n\t\t\t\t<\/div>\n\t\t<div class=\"elementor-element elementor-element-d402746 e-con-full e-flex e-con e-child\" data-id=\"d402746\" data-element_type=\"container\" data-e-type=\"container\" data-settings=\"{&quot;background_background&quot;:&quot;classic&quot;}\">\n\t\t\t\t<div class=\"elementor-element elementor-element-e98c302 elementor-widget elementor-widget-heading\" data-id=\"e98c302\" data-element_type=\"widget\" data-e-type=\"widget\" data-widget_type=\"heading.default\">\n\t\t\t\t<div class=\"elementor-widget-container\">\n\t\t\t\t\t<h2 class=\"elementor-heading-title elementor-size-default\">Every painting tells a story, let it enrich yours today!<\/h2>\t\t\t\t<\/div>\n\t\t\t\t<\/div>\n\t\t<div class=\"elementor-element elementor-element-0031f07 e-flex e-con-boxed e-con e-child\" data-id=\"0031f07\" data-element_type=\"container\" data-e-type=\"container\" data-settings=\"{&quot;background_background&quot;:&quot;classic&quot;}\">\n\t\t\t\t\t<div class=\"e-con-inner\">\n\t\t<div class=\"elementor-element elementor-element-fed2603 e-con-full e-flex e-con e-child\" data-id=\"fed2603\" data-element_type=\"container\" data-e-type=\"container\">\n\t\t\t\t<div class=\"elementor-element elementor-element-c3731f7 elementor-align-center elementor-widget elementor-widget-button\" data-id=\"c3731f7\" data-element_type=\"widget\" data-e-type=\"widget\" data-widget_type=\"button.default\">\n\t\t\t\t<div class=\"elementor-widget-container\">\n\t\t\t\t\t\t\t\t\t<div class=\"elementor-button-wrapper\">\n\t\t\t\t\t<a class=\"elementor-button elementor-button-link elementor-size-sm\" href=\"https:\/\/lartaly.com\/en\/boutique\/\">\n\t\t\t\t\t\t<span class=\"elementor-button-content-wrapper\">\n\t\t\t\t\t\t\t\t\t<span class=\"elementor-button-text\">SHOP<\/span>\n\t\t\t\t\t<\/span>\n\t\t\t\t\t<\/a>\n\t\t\t\t<\/div>\n\t\t\t\t\t\t\t\t<\/div>\n\t\t\t\t<\/div>\n\t\t\t\t<div class=\"elementor-element elementor-element-ac8790c elementor-align-center elementor-widget elementor-widget-button\" data-id=\"ac8790c\" data-element_type=\"widget\" data-e-type=\"widget\" data-widget_type=\"button.default\">\n\t\t\t\t<div class=\"elementor-widget-container\">\n\t\t\t\t\t\t\t\t\t<div class=\"elementor-button-wrapper\">\n\t\t\t\t\t<a class=\"elementor-button elementor-button-link elementor-size-sm\" href=\"https:\/\/lartaly.com\/en\/contact\/\">\n\t\t\t\t\t\t<span class=\"elementor-button-content-wrapper\">\n\t\t\t\t\t\t\t\t\t<span class=\"elementor-button-text\">CONTACT<\/span>\n\t\t\t\t\t<\/span>\n\t\t\t\t\t<\/a>\n\t\t\t\t<\/div>\n\t\t\t\t\t\t\t\t<\/div>\n\t\t\t\t<\/div>\n\t\t\t\t<\/div>\n\t\t\t\t\t<\/div>\n\t\t\t\t<\/div>\n\t\t\t\t<\/div>\n\t\t<div class=\"elementor-element elementor-element-a0a85d4 e-con-full e-flex e-con e-child\" data-id=\"a0a85d4\" data-element_type=\"container\" data-e-type=\"container\">\n\t\t\t\t<\/div>\n\t\t\t\t<\/div>\n\t\t\t\t<\/div>\n\t\t\t\t<\/div>","protected":false},"excerpt":{"rendered":"<p>Conditions g\u00e9n\u00e9rales de vente Conditions G\u00e9n\u00e9rales de Vente Vendeur : LARTALY 8 rue de la gare 34390 PREMIANArtiste auteur, cr\u00e9ation&#8230;<\/p>","protected":false},"author":2,"featured_media":0,"parent":0,"menu_order":0,"comment_status":"closed","ping_status":"closed","template":"","meta":{"_uag_custom_page_level_css":"","footnotes":""},"class_list":["post-5819","page","type-page","status-publish","hentry"],"uagb_featured_image_src":{"full":false,"thumbnail":false,"medium":false,"medium_large":false,"large":false,"1536x1536":false,"2048x2048":false,"trp-custom-language-flag":false,"wishsuite-image":false,"woocommerce_thumbnail":false,"woocommerce_single":false,"woocommerce_gallery_thumbnail":false},"uagb_author_info":{"display_name":"WEELOT","author_link":"https:\/\/lartaly.com\/en\/author\/weelot\/"},"uagb_comment_info":0,"uagb_excerpt":"Conditions g\u00e9n\u00e9rales de vente Conditions G\u00e9n\u00e9rales de Vente Vendeur : LARTALY 8 rue de la gare 34390 PREMIANArtiste auteur, cr\u00e9ation...","_links":{"self":[{"href":"https:\/\/lartaly.com\/en\/wp-json\/wp\/v2\/pages\/5819","targetHints":{"allow":["GET"]}}],"collection":[{"href":"https:\/\/lartaly.com\/en\/wp-json\/wp\/v2\/pages"}],"about":[{"href":"https:\/\/lartaly.com\/en\/wp-json\/wp\/v2\/types\/page"}],"author":[{"embeddable":true,"href":"https:\/\/lartaly.com\/en\/wp-json\/wp\/v2\/users\/2"}],"replies":[{"embeddable":true,"href":"https:\/\/lartaly.com\/en\/wp-json\/wp\/v2\/comments?post=5819"}],"version-history":[{"count":16,"href":"https:\/\/lartaly.com\/en\/wp-json\/wp\/v2\/pages\/5819\/revisions"}],"predecessor-version":[{"id":6407,"href":"https:\/\/lartaly.com\/en\/wp-json\/wp\/v2\/pages\/5819\/revisions\/6407"}],"wp:attachment":[{"href":"https:\/\/lartaly.com\/en\/wp-json\/wp\/v2\/media?parent=5819"}],"curies":[{"name":"wp","href":"https:\/\/api.w.org\/{rel}","templated":true}]}}