{"id":1741,"date":"2025-01-14T13:40:03","date_gmt":"2025-01-14T13:40:03","guid":{"rendered":"https:\/\/lartaly.com\/?page_id=1741"},"modified":"2025-02-17T06:51:21","modified_gmt":"2025-02-17T06:51:21","slug":"liste-de-souhaits","status":"publish","type":"page","link":"https:\/\/lartaly.com\/en\/liste-de-souhaits\/","title":{"rendered":"Wishlist"},"content":{"rendered":"<div class=\"wp-block-uagb-container uagb-block-89073154 alignfull uagb-is-root-container\"><div class=\"uagb-container-inner-blocks-wrap\">\n<div class=\"wp-block-uagb-advanced-heading uagb-block-4815daa8 uag-hide-desktop uag-hide-tab\"><h2 class=\"uagb-heading-text\">Wishlist<\/h2><\/div>\n\n\n\n<div class=\"wp-block-uagb-advanced-heading uagb-block-e11e5857 uag-hide-mob\"><h2 class=\"uagb-heading-text\">Wishlist<\/h2><\/div>\n\n\n<div class=\"wishsuite-table-content\">\n    <table class=\"wishsuite_table\">\n        <thead>\n            <tr><th>Remove<\/th><th>Image<\/th><th>Title<\/th><th>Price<\/th><th>Add to cart<\/th><\/tr>        <\/thead>\n        <tbody>\n                            <tr>\n                    <td class=\"wishsuite-emplty-text\" colspan=\"5\">\n                        No products added to wishlist                    <\/td>\n                <\/tr>\n                    <\/tbody>\n    <\/table>\n\n        \n    <div class=\"wishsuite-table-content-loader\"><\/div>\n<\/div>\n\n\n\n<style>\ndiv.wishsuite-table-content table.wishsuite_table tbody tr td.wishsuite-product-price span.woocommerce-Price-amount.amount {\n  font-family: Pacifico !important;\n  font-size: 20px;\n  font-weight: 600;\n}\n\n.wishsuite-table-content .wishsuite-table-content-loader {\nborder-top: 8px double #000 !important;\n}\ndiv.wishsuite-table-content table.wishsuite_table tbody tr td.wishsuite-product-title a {\n    font-size: 20px;\n    font-weight: 600;\n    font-family: Poppins;\n}\n.wishsuite-table-content table thead > tr th {\nfont-weight: 800 !important;\n}\n\n.wishsuite_table > thead:nth-child(1) > tr:nth-child(1) > th:nth-child(1) {\nwidth: 10%;\n}\n\n.wishsuite_table > thead:nth-child(1) > tr:nth-child(1) > th:nth-child(2) {\n    width: 20%;\n}\n\n.wishsuite_table > thead:nth-child(1) > tr:nth-child(1) > th:nth-child(3) {\nwidth:30%;\n}\n.wishsuite_table > thead:nth-child(1) > tr:nth-child(1) > th:nth-child(4) {\nwidth:10%;\n}\n.wishsuite_table > thead:nth-child(1) > tr:nth-child(1) > th:nth-child(5) {\nwidth:20%;\n}\nhtml.yes-js.js_active.js body.page-template-default.page.page-id-1741.logged-in.admin-bar.wp-custom-logo.wp-embed-responsive.theme-woostify.woocommerce-js.woolentor_current_theme_woostify.site-full-width-stretched-container.has-header-layout-1.no-sidebar.no-cart-sidebar.disabled-sidebar-cart.has-gallery-slider-layout.ajax-single-add-to-cart.woolentor-empty-cart.elementor-default.elementor-kit-7.customize-support.dialog-body.dialog-buttons-body.dialog-container.dialog-buttons-container.e--ua-firefox div#view div#content.site-content div.woostify-container div#primary.content-area main#main.site-main article#post-1741.post-1741.page.type-page.status-publish.hentry div.wp-block-uagb-container.uagb-block-89073154.alignfull.uagb-is-root-container div.uagb-container-inner-blocks-wrap div.wishsuite-table-content table.wishsuite_table tbody tr td.wishsuite-product-image a img.attachment-wishsuite-image.size-wishsuite-image {\nborder-radius: 15px;\n}\n.wishsuite-remove {\n position: relative;\n  display: inline-block;\n  padding: unset !important;\n  margin-left: unset !important;\n  transition: none;\n  text-decoration: none !important;\n  background-image: url('https:\/\/lartaly.com\/wp-content\/uploads\/2025\/01\/x-bold-grey.svg');\n  transition: transform 0.3s ease;\n  background-repeat: no-repeat;\n  background-size: 40px 40px;\n  width: 40px;\n  height: 40px;\n}\n.wishsuite-remove:hover {\n position: relative;\n  display: inline-block;\n  padding: unset !important;\n  margin-left: unset !important;\n  transition: none;\n  text-decoration: none !important;\n  background-image: url('https:\/\/lartaly.com\/wp-content\/uploads\/2025\/01\/x-bold.svg');\n  transform: scale(1.1);\n  background-repeat: no-repeat;\n  background-size: 40px 40px;\n  width: 40px;\n  height: 40px;\n}\n\n\n.wishsuite-remove::before {\n    display:none !important;\n}\n\n.wishsuite-remove::after {\n    display:none !important;\n}\n\n\ndiv.wishsuite-table-content table.wishsuite_table tbody tr td.wishsuite-product-price span.woocommerce-Price-amount.amount {\nfont-size: 25px;\nfont-family: Pacifico;\n}\n\ndiv.wishsuite-table-content table.wishsuite_table tbody tr td.wishsuite-product-add_to_cart a.wishsuite-addtocart.button.product_type_simple.add_to_cart_button.ajax_add_to_cart {\nbackground-image: url('https:\/\/lartaly.com\/wp-content\/uploads\/2025\/01\/shopping-bag-bold-2.svg');\n  width: 60px;\n  height: 60px;\n  background-repeat: no-repeat;\n  background-size: 60px 60px;\nbackground-color: unset !important;\ndisplay: inline-block !important;\n  padding: unset;\n    transition: transform 0.3s ease; \/* Transition sur le scale *\/\ncontent-visibility: hidden !important;\n}\n\ndiv.wishsuite-table-content table.wishsuite_table tbody tr td.wishsuite-product-add_to_cart a.wishsuite-addtocart.button.product_type_simple.add_to_cart_button.ajax_add_to_cart:hover {\nbackground-image: url('https:\/\/lartaly.com\/wp-content\/uploads\/2025\/01\/shopping-bag-bold.svg');\ntransform: scale(1.1);\n  width: 60px;\n  height: 60px;\n  background-repeat: no-repeat;\n  background-size: 60px 60px;\nbackground-color: unset !important;\ndisplay: inline-block !important;\n  padding: unset;\ncontent-visibility: hidden !important;\n}\n\n.wishsuite-product-add_to_cart a {\ndisplay: unset !important;\n}\n\ndiv.wishsuite-table-content table.wishsuite_table tbody tr td.wishsuite-product-image a img.attachment-wishsuite-image.size-wishsuite-image {\nborder-radius: 20px !important;\n}\n\ndiv.wishsuite-table-content table.wishsuite_table tbody tr td.wishsuite-product-price span.woocommerce-Price-amount.amount {\nfont-family: Pacifico !important;\nfont-size: 20px !important;\n}\n\n<\/style>\n\n<script> \ndocument.addEventListener('DOMContentLoaded', () => {\n    const buttons = document.querySelectorAll(\n        'table.wishsuite_table tbody tr td.wishsuite-product-add_to_cart a.wishsuite-addtocart.button.product_type_simple.add_to_cart_button.ajax_add_to_cart'\n    );\n    buttons.forEach(button => {\n        button.textContent = ''; \/\/ Retire le texte\n    });\n});\n<\/script>\n\n\n\n<style>\n@media (max-width:1023px) {\n.wishsuite-table-content table thead > tr th {\nfont-size: 10px !important;\n}\n\ndiv.uagb-container-inner-blocks-wrap div.wishsuite-table-content table.wishsuite_table tbody tr td.wishsuite-product-price span.woocommerce-Price-amount.amount {\nfont-size: 18px !important;\n}\n\ndiv.wishsuite-table-content table.wishsuite_table tbody tr td.wishsuite-product-title a {\nfont-size: 18px !important\n}\n\nhtml.yes-js.js_active.js body.page-template-default.page.page-id-1741.logged-in.admin-bar.wp-custom-logo.wp-embed-responsive.theme-woostify.woocommerce-js.woolentor_current_theme_woostify.site-full-width-stretched-container.has-header-layout-1.no-sidebar.no-cart-sidebar.disabled-sidebar-cart.has-gallery-slider-layout.ajax-single-add-to-cart.elementor-default.elementor-kit-7.customize-support.dialog-body.dialog-buttons-body.dialog-container.dialog-buttons-container.e--ua-isTouchDevice.e--ua-firefox div#view div#content.site-content div.woostify-container div#primary.content-area main#main.site-main article#post-1741.post-1741.page.type-page.status-publish.hentry div.wp-block-uagb-container.uagb-block-89073154.alignfull.uagb-is-root-container div.uagb-container-inner-blocks-wrap div.wishsuite-table-content table.wishsuite_table tbody tr td.wishsuite-product-add_to_cart a.wishsuite-addtocart.button.product_type_simple.add_to_cart_button.ajax_add_to_cart {\nbackground-image: url('https:\/\/lartaly.com\/wp-content\/uploads\/2025\/01\/shopping-bag-bold-2.svg');\n  width: 40px;\n  height: 40px;\n  background-repeat: no-repeat;\n  background-size: 40px 40px;\n  background-color: unset !important;\n  display: inline-block !important;\n  padding: unset;\n  transition: transform 0.3s ease;\n}\n\nhtml.yes-js.js_active.js body.page-template-default.page.page-id-1741.logged-in.admin-bar.wp-custom-logo.wp-embed-responsive.theme-woostify.woocommerce-js.woolentor_current_theme_woostify.site-full-width-stretched-container.has-header-layout-1.no-sidebar.no-cart-sidebar.disabled-sidebar-cart.has-gallery-slider-layout.ajax-single-add-to-cart.elementor-default.elementor-kit-7.customize-support.dialog-body.dialog-buttons-body.dialog-container.dialog-buttons-container.e--ua-isTouchDevice.e--ua-firefox div#view div#content.site-content div.woostify-container div#primary.content-area main#main.site-main article#post-1741.post-1741.page.type-page.status-publish.hentry div.wp-block-uagb-container.uagb-block-89073154.alignfull.uagb-is-root-container div.uagb-container-inner-blocks-wrap div.wishsuite-table-content table.wishsuite_table tbody tr td.wishsuite-product-add_to_cart a.wishsuite-addtocart.button.product_type_simple.add_to_cart_button.ajax_add_to_cart:hover {\nbackground-image: url('https:\/\/lartaly.com\/wp-content\/uploads\/2025\/01\/shopping-bag-bold.svg');\n  width: 40px;\n  height: 40px;\n  background-repeat: no-repeat;\n  background-size: 40px 40px;\n  background-color: unset !important;\n  display: inline-block !important;\n  padding: unset;\n  transition: transform 0.3s ease;\n}\n\n.wishsuite-remove {\nposition: relative;\n  display: inline-block;\n  padding: unset !important;\n  margin-left: unset !important;\n  transition: none;\n  text-decoration: none !important;\n  background-image: url('https:\/\/lartaly.com\/wp-content\/uploads\/2025\/01\/x-bold-grey.svg');\n  transition: transform 0.3s ease;\n  background-repeat: no-repeat;\n  background-size: 30px 30px;\n  width: 30px;\n  height: 30px;\n}\n\n.wishsuite-remove:hover {\n position: relative;\n  display: inline-block;\n  padding: unset !important;\n  margin-left: unset !important;\n  transition: none;\n  text-decoration: none !important;\n  background-image: url('https:\/\/lartaly.com\/wp-content\/uploads\/2025\/01\/x-bold.svg');\n  transform: scale(1.1);\n  background-repeat: no-repeat;\n  background-size: 30px 30px;\n  width: 30px;\n  height: 30px;\n}\n\nhtml.yes-js.js_active.js body.page-template-default.page.page-id-1741.logged-in.admin-bar.wp-custom-logo.wp-embed-responsive.theme-woostify.woocommerce-js.woolentor_current_theme_woostify.site-full-width-stretched-container.has-header-layout-1.no-sidebar.no-cart-sidebar.disabled-sidebar-cart.has-gallery-slider-layout.ajax-single-add-to-cart.elementor-default.elementor-kit-7.customize-support.dialog-body.dialog-buttons-body.dialog-container.dialog-buttons-container.e--ua-isTouchDevice.e--ua-firefox div#view div#content.site-content div.woostify-container div#primary.content-area main#main.site-main article#post-1741.post-1741.page.type-page.status-publish.hentry div.wp-block-uagb-container.uagb-block-89073154.alignfull.uagb-is-root-container div.uagb-container-inner-blocks-wrap div.wishsuite-table-content table.wishsuite_table tbody tr td.wishsuite-product-price span.woocommerce-Price-amount.amount {\nfont-size: 17px !important;\nfont-weight: 600 !important;\n}\n}\n<\/style>\n\n\n\n<style>\n@media (max-width: 767px) {\ndiv.wishsuite-table-content table.wishsuite_table tbody tr td.wishsuite-emplty-text {\ntext-align: center;\n}\ndiv.wishsuite-table-content table.wishsuite_table tbody tr td.wishsuite-product-remove {\n  flex: 0 0 25% !important;\n  display: flex;\n  justify-content: center;\n  align-items: center;\n}\ndiv.wishsuite-table-content table.wishsuite_table tbody tr td.wishsuite-product-title {\nflex: 0 0 45% !important;\n  display: flex;\n  justify-content: center;\n  align-items: center;\n}\n\ndiv.wishsuite-table-content table.wishsuite_table tbody tr td.wishsuite-product-add_to_cart {\nflex: 0 0 30% !important;\n  display: flex;\n  justify-content: center;\n  align-items: center;\n}\n\n.wishsuite_table > thead:nth-child(1) > tr:nth-child(1) > th:nth-child(4) {\ndisplay:none;\n}\n\n.wishsuite_table > thead:nth-child(1) > tr:nth-child(1) > th:nth-child(2) {\n    display: none;\n}\n\n.wishsuite_table > thead:nth-child(1) > tr:nth-child(1) > th:nth-child(1) {\n width: 25%;\n}\n.wishsuite_table > thead:nth-child(1) > tr:nth-child(1) > th:nth-child(3) {\nwidth: 45%;\n}\n\n.wishsuite_table > thead:nth-child(1) > tr:nth-child(1) > th:nth-child(5) {\nwidth: 30%;\n}\n\n.wishsuite_table > tbody:nth-child(2) > tr > td:nth-child(2) {\ndisplay: none;\n}\n\n.wishsuite_table > tbody:nth-child(2) > tr > td:nth-child(4) {\ndisplay: none;\n}\n\ndiv.wishsuite-table-content table.wishsuite_table tbody tr td.wishsuite-product-title a {\nfont-size: 12px !important;\ntext-align: center;\n}\n\n  .wishsuite-table-content table, .wishsuite-table-content thead, .wishsuite-table-content tbody, .wishsuite-table-content th, .wishsuite-table-content td, .wishsuite-table-content tr {\n    position: unset !important;\n  }\n\n  .wishsuite-table-content table, .wishsuite-table-content thead, .wishsuite-table-content tbody, .wishsuite-table-content th, .wishsuite-table-content td, .wishsuite-table-content tr {\n    display: block;\n}\n\ndiv.wp-block-uagb-container.uagb-block-89073154.alignfull.uagb-is-root-container div.uagb-container-inner-blocks-wrap div.wishsuite-table-content table.wishsuite_table thead tr {\ndisplay: flex;\n  width: 100%;\n}\n\n.wishsuite-table-content table tbody > tr td {\npadding-left: 10px !important;\n}\n\ndiv#content.site-content div.woostify-container div#primary.content-area main#main.site-main article#post-1741.post-1741.page.type-page.status-publish.hentry div.wp-block-uagb-container.uagb-block-89073154.alignfull.uagb-is-root-container div.uagb-container-inner-blocks-wrap div.wishsuite-table-content table.wishsuite_table tbody tr {\ndisplay: flex;\n  justify-content: center;\n}\n.wishsuite-table-content tr {\nmargin-top: unset !important;\n}\n\n.wishsuite-table-content td::before {\ncontent-visibility: hidden !important;\ncontent: \" \" !important;\n}\n\ndiv.wishsuite-table-content.loading {\ndisplay: flex;\n  justify-content: center;\n  text-align: center;\n  align-items: center;\n}\n\ndiv.wishsuite-table-content.loading div.wishsuite-table-content-loader {\nleft: unset !important;\n}\n\ndiv.wishsuite-table-content table.wishsuite_table tbody tr td.wishsuite-product-add_to_cart a.wishsuite-addtocart.button.product_type_simple.add_to_cart_button.ajax_add_to_cart {\nwidth: 35px !important;\nheight: 35px !important;\nbackground-size: 35px 35px !important;\n}\ndiv.wishsuite-table-content table.wishsuite_table tbody tr td.wishsuite-product-add_to_cart a.wishsuite-addtocart.button.product_type_simple.add_to_cart_button.ajax_add_to_cart:hover {\nwidth: 35px !important;\nheight: 35px !important;\nbackground-size: 35px 35px !important;\n}\n\n}\n<\/style>\n<script> \n\n\n\n\/\/ Attendre que le DOM soit compl\u00e8tement charg\u00e9\ndocument.addEventListener('DOMContentLoaded', function () {\n    \/\/ V\u00e9rifier si la largeur de l'\u00e9cran est inf\u00e9rieure \u00e0 768px\n    const mediaQuery = window.matchMedia('(max-width: 768px)');\n\n    \/\/ Fonction pour ex\u00e9cuter le script selon la condition de la requ\u00eate media\n    function handleMediaQueryChange(e) {\n        \/\/ S\u00e9lectionner l'\u00e9l\u00e9ment cible avec le chemin CSS donn\u00e9\n        const targetElement = document.querySelector(\n            '.wishsuite_table > thead:nth-child(1) > tr:nth-child(1) > th:nth-child(5)'\n        );\n\n        \/\/ V\u00e9rifier si l'\u00e9l\u00e9ment existe\n        if (targetElement) {\n            if (e.matches) {\n                \/\/ Si la condition du @media est respect\u00e9e (max-width: 768px)\n                targetElement.textContent = 'Panier';\n                console.log('Le texte a \u00e9t\u00e9 remplac\u00e9 pour petit \u00e9cran.');\n            } else {\n                \/\/ Si la condition du @media n'est plus respect\u00e9e (min-width: 769px)\n                targetElement.textContent = 'Ajouter au panier'; \/\/ Remplacer par le texte d'origine\n                console.log('Le texte a \u00e9t\u00e9 r\u00e9tabli pour grand \u00e9cran.');\n            }\n        } else {\n            console.error('L\\'\u00e9l\u00e9ment cible n\\'a pas \u00e9t\u00e9 trouv\u00e9.');\n        }\n    }\n\n    \/\/ Appliquer imm\u00e9diatement la fonction en fonction de la condition actuelle\n    handleMediaQueryChange(mediaQuery);\n\n    \/\/ Ajouter un \u00e9couteur pour surveiller les changements dans la condition @media\n    mediaQuery.addEventListener('change', handleMediaQueryChange);\n});\n\n\n<\/script>\n<\/div><\/div>","protected":false},"excerpt":{"rendered":"<p>Liste de souhaits Liste de souhaits<\/p>","protected":false},"author":2,"featured_media":0,"parent":0,"menu_order":0,"comment_status":"closed","ping_status":"closed","template":"","meta":{"_uag_custom_page_level_css":"","footnotes":""},"class_list":["post-1741","page","type-page","status-publish","hentry"],"uagb_featured_image_src":{"full":false,"thumbnail":false,"medium":false,"medium_large":false,"large":false,"1536x1536":false,"2048x2048":false,"trp-custom-language-flag":false,"wishsuite-image":false,"woocommerce_thumbnail":false,"woocommerce_single":false,"woocommerce_gallery_thumbnail":false},"uagb_author_info":{"display_name":"WEELOT","author_link":"https:\/\/lartaly.com\/en\/author\/weelot\/"},"uagb_comment_info":0,"uagb_excerpt":"Liste de souhaits Liste de souhaits","_links":{"self":[{"href":"https:\/\/lartaly.com\/en\/wp-json\/wp\/v2\/pages\/1741","targetHints":{"allow":["GET"]}}],"collection":[{"href":"https:\/\/lartaly.com\/en\/wp-json\/wp\/v2\/pages"}],"about":[{"href":"https:\/\/lartaly.com\/en\/wp-json\/wp\/v2\/types\/page"}],"author":[{"embeddable":true,"href":"https:\/\/lartaly.com\/en\/wp-json\/wp\/v2\/users\/2"}],"replies":[{"embeddable":true,"href":"https:\/\/lartaly.com\/en\/wp-json\/wp\/v2\/comments?post=1741"}],"version-history":[{"count":145,"href":"https:\/\/lartaly.com\/en\/wp-json\/wp\/v2\/pages\/1741\/revisions"}],"predecessor-version":[{"id":5136,"href":"https:\/\/lartaly.com\/en\/wp-json\/wp\/v2\/pages\/1741\/revisions\/5136"}],"wp:attachment":[{"href":"https:\/\/lartaly.com\/en\/wp-json\/wp\/v2\/media?parent=1741"}],"curies":[{"name":"wp","href":"https:\/\/api.w.org\/{rel}","templated":true}]}}