{"id":1040,"date":"2025-01-09T21:57:26","date_gmt":"2025-01-09T21:57:26","guid":{"rendered":"https:\/\/lartaly.com\/?page_id=1040"},"modified":"2025-11-09T13:21:47","modified_gmt":"2025-11-09T13:21:47","slug":"qui-suis-je","status":"publish","type":"page","link":"https:\/\/lartaly.com\/en\/qui-suis-je\/","title":{"rendered":"Qui-suis-je"},"content":{"rendered":"<div data-elementor-type=\"wp-page\" data-elementor-id=\"1040\" class=\"elementor elementor-1040\" data-elementor-post-type=\"page\">\n\t\t\t\t<div class=\"elementor-element elementor-element-53c77d1 e-con-full e-flex e-con e-parent\" data-id=\"53c77d1\" data-element_type=\"container\" data-e-type=\"container\">\n\t\t<div class=\"elementor-element elementor-element-cfbf8ce e-flex e-con-boxed e-con e-child\" data-id=\"cfbf8ce\" data-element_type=\"container\" data-e-type=\"container\" data-settings=\"{&quot;background_background&quot;:&quot;classic&quot;}\">\n\t\t\t\t\t<div class=\"e-con-inner\">\n\t\t\t\t<div class=\"elementor-element elementor-element-292337c elementor-widget elementor-widget-heading\" data-id=\"292337c\" data-element_type=\"widget\" data-e-type=\"widget\" data-widget_type=\"heading.default\">\n\t\t\t\t<div class=\"elementor-widget-container\">\n\t\t\t\t\t<h2 class=\"elementor-heading-title elementor-size-default\">Don't think about making art, just do it. Let others decide if it's right or bad, whether they like it or hate it. While they decide, do even more of art.<\/h2>\t\t\t\t<\/div>\n\t\t\t\t<\/div>\n\t\t\t\t<div class=\"elementor-element elementor-element-ce1a7f2 elementor-widget elementor-widget-heading\" data-id=\"ce1a7f2\" data-element_type=\"widget\" data-e-type=\"widget\" data-widget_type=\"heading.default\">\n\t\t\t\t<div class=\"elementor-widget-container\">\n\t\t\t\t\t<h2 class=\"elementor-heading-title elementor-size-default\">Andy Warhol<\/h2>\t\t\t\t<\/div>\n\t\t\t\t<\/div>\n\t\t\t\t\t<\/div>\n\t\t\t\t<\/div>\n\t\t\t\t<div class=\"elementor-element elementor-element-73d97ff elementor-widget elementor-widget-heading\" data-id=\"73d97ff\" data-element_type=\"widget\" data-e-type=\"widget\" data-widget_type=\"heading.default\">\n\t\t\t\t<div class=\"elementor-widget-container\">\n\t\t\t\t\t<h2 class=\"elementor-heading-title elementor-size-default\">The History of Lartaly<\/h2>\t\t\t\t<\/div>\n\t\t\t\t<\/div>\n\t\t\t\t<div class=\"elementor-element elementor-element-fb8ea32 elementor-widget__width-initial elementor-widget elementor-widget-text-editor\" data-id=\"fb8ea32\" data-element_type=\"widget\" data-e-type=\"widget\" data-widget_type=\"text-editor.default\">\n\t\t\t\t<div class=\"elementor-widget-container\">\n\t\t\t\t\t\t\t\t\t<p data-start=\"121\" data-end=\"150\">Bienvenue dans mon univers.<\/p><p data-start=\"152\" data-end=\"224\">Je suis TALY, artiste peintre fran\u00e7aise, n\u00e9e Nathalie LEFEVRE en 1965.<\/p><p data-start=\"226\" data-end=\"455\">Depuis les premi\u00e8res formes d\u2019art de nos anc\u00eatres jusqu\u2019\u00e0 aujourd\u2019hui, l\u2019expression cr\u00e9ative traverse le temps. Mon travail s\u2019inscrit dans cette continuit\u00e9 : mes toiles explorent le figuratif, l\u2019hyperr\u00e9alisme et le symbolisme, chacune refl\u00e9tant ma vision et ma sensibilit\u00e9.<\/p>\t\t\t\t\t\t\t\t<\/div>\n\t\t\t\t<\/div>\n\t\t\t\t<div class=\"elementor-element elementor-element-c85b210 elementor-widget__width-initial elementor-widget-divider--view-line elementor-widget elementor-widget-divider\" data-id=\"c85b210\" data-element_type=\"widget\" data-e-type=\"widget\" data-widget_type=\"divider.default\">\n\t\t\t\t<div class=\"elementor-widget-container\">\n\t\t\t\t\t\t\t<div class=\"elementor-divider\">\n\t\t\t<span class=\"elementor-divider-separator\">\n\t\t\t\t\t\t<\/span>\n\t\t<\/div>\n\t\t\t\t\t\t<\/div>\n\t\t\t\t<\/div>\n\t\t\t\t<div class=\"elementor-element elementor-element-f7309e8 elementor-widget__width-initial elementor-widget elementor-widget-text-editor\" data-id=\"f7309e8\" data-element_type=\"widget\" data-e-type=\"widget\" data-widget_type=\"text-editor.default\">\n\t\t\t\t<div class=\"elementor-widget-container\">\n\t\t\t\t\t\t\t\t\t<p data-start=\"121\" data-end=\"304\">Pour moi, tout commence par la magie de la vie : les \u00e9motions, notre r\u00e9ceptivit\u00e9, les visions r\u00e9elles ou celles de notre imagination, ainsi que notre capacit\u00e9 \u00e0 r\u00eaver et \u00e0 inventer.<\/p><p data-start=\"306\" data-end=\"502\">L\u2019art est un merveilleux moyen d\u2019expression et de partage. Cr\u00e9er un site web peut aussi \u00eatre un art : il s\u2019agit de traduire l\u2019essence d\u2019une personne ou d\u2019une entreprise dans un espace num\u00e9rique.<\/p><p data-start=\"504\" data-end=\"633\">Avec la collaboration de WEELOT (SARL de programmation informatique), LARTALY est heureuse de vous accueillir sur ce site.<\/p>\t\t\t\t\t\t\t\t<\/div>\n\t\t\t\t<\/div>\n\t\t<div class=\"elementor-element elementor-element-6397831 e-con-full e-flex e-con e-child\" data-id=\"6397831\" data-element_type=\"container\" data-e-type=\"container\" data-settings=\"{&quot;background_background&quot;:&quot;classic&quot;}\">\n\t\t<div class=\"elementor-element elementor-element-a6edfe7 e-con-full e-flex e-con e-child\" data-id=\"a6edfe7\" data-element_type=\"container\" data-e-type=\"container\">\n\t\t\t\t<\/div>\n\t\t<div class=\"elementor-element elementor-element-d402746 e-con-full e-flex e-con e-child\" data-id=\"d402746\" data-element_type=\"container\" data-e-type=\"container\" data-settings=\"{&quot;background_background&quot;:&quot;classic&quot;}\">\n\t\t\t\t<div class=\"elementor-element elementor-element-e98c302 elementor-widget elementor-widget-heading\" data-id=\"e98c302\" data-element_type=\"widget\" data-e-type=\"widget\" data-widget_type=\"heading.default\">\n\t\t\t\t<div class=\"elementor-widget-container\">\n\t\t\t\t\t<h2 class=\"elementor-heading-title elementor-size-default\">Every painting tells a story, let it enrich yours today!<\/h2>\t\t\t\t<\/div>\n\t\t\t\t<\/div>\n\t\t<div class=\"elementor-element elementor-element-0031f07 e-flex e-con-boxed e-con e-child\" data-id=\"0031f07\" data-element_type=\"container\" data-e-type=\"container\" data-settings=\"{&quot;background_background&quot;:&quot;classic&quot;}\">\n\t\t\t\t\t<div class=\"e-con-inner\">\n\t\t<div class=\"elementor-element elementor-element-fed2603 e-con-full e-flex e-con e-child\" data-id=\"fed2603\" data-element_type=\"container\" data-e-type=\"container\">\n\t\t\t\t<div class=\"elementor-element elementor-element-c3731f7 elementor-align-center elementor-widget elementor-widget-button\" data-id=\"c3731f7\" data-element_type=\"widget\" data-e-type=\"widget\" data-widget_type=\"button.default\">\n\t\t\t\t<div class=\"elementor-widget-container\">\n\t\t\t\t\t\t\t\t\t<div class=\"elementor-button-wrapper\">\n\t\t\t\t\t<a class=\"elementor-button elementor-button-link elementor-size-sm\" href=\"https:\/\/lartaly.com\/en\/boutique\/\">\n\t\t\t\t\t\t<span class=\"elementor-button-content-wrapper\">\n\t\t\t\t\t\t\t\t\t<span class=\"elementor-button-text\">SHOP<\/span>\n\t\t\t\t\t<\/span>\n\t\t\t\t\t<\/a>\n\t\t\t\t<\/div>\n\t\t\t\t\t\t\t\t<\/div>\n\t\t\t\t<\/div>\n\t\t\t\t<div class=\"elementor-element elementor-element-ac8790c elementor-align-center elementor-widget elementor-widget-button\" data-id=\"ac8790c\" data-element_type=\"widget\" data-e-type=\"widget\" data-widget_type=\"button.default\">\n\t\t\t\t<div class=\"elementor-widget-container\">\n\t\t\t\t\t\t\t\t\t<div class=\"elementor-button-wrapper\">\n\t\t\t\t\t<a class=\"elementor-button elementor-button-link elementor-size-sm\" href=\"https:\/\/lartaly.com\/en\/contact\/\">\n\t\t\t\t\t\t<span class=\"elementor-button-content-wrapper\">\n\t\t\t\t\t\t\t\t\t<span class=\"elementor-button-text\">CONTACT<\/span>\n\t\t\t\t\t<\/span>\n\t\t\t\t\t<\/a>\n\t\t\t\t<\/div>\n\t\t\t\t\t\t\t\t<\/div>\n\t\t\t\t<\/div>\n\t\t\t\t<\/div>\n\t\t\t\t\t<\/div>\n\t\t\t\t<\/div>\n\t\t\t\t<\/div>\n\t\t<div class=\"elementor-element elementor-element-a0a85d4 e-con-full e-flex e-con e-child\" data-id=\"a0a85d4\" data-element_type=\"container\" data-e-type=\"container\">\n\t\t\t\t<\/div>\n\t\t\t\t<\/div>\n\t\t\t\t<\/div>\n\t\t\t\t<\/div>","protected":false},"excerpt":{"rendered":"<p>Ne pensez pas \u00e0 faire de l\u2019art, faites-le. Laissez les autres d\u00e9cider si c\u2019est bien ou mal, s\u2019ils aiment ou&#8230;<\/p>","protected":false},"author":2,"featured_media":0,"parent":0,"menu_order":0,"comment_status":"closed","ping_status":"closed","template":"","meta":{"_uag_custom_page_level_css":"","footnotes":""},"class_list":["post-1040","page","type-page","status-publish","hentry"],"uagb_featured_image_src":{"full":false,"thumbnail":false,"medium":false,"medium_large":false,"large":false,"1536x1536":false,"2048x2048":false,"trp-custom-language-flag":false,"wishsuite-image":false,"woocommerce_thumbnail":false,"woocommerce_single":false,"woocommerce_gallery_thumbnail":false},"uagb_author_info":{"display_name":"WEELOT","author_link":"https:\/\/lartaly.com\/en\/author\/weelot\/"},"uagb_comment_info":0,"uagb_excerpt":"Ne pensez pas \u00e0 faire de l\u2019art, faites-le. Laissez les autres d\u00e9cider si c\u2019est bien ou mal, s\u2019ils aiment ou...","_links":{"self":[{"href":"https:\/\/lartaly.com\/en\/wp-json\/wp\/v2\/pages\/1040","targetHints":{"allow":["GET"]}}],"collection":[{"href":"https:\/\/lartaly.com\/en\/wp-json\/wp\/v2\/pages"}],"about":[{"href":"https:\/\/lartaly.com\/en\/wp-json\/wp\/v2\/types\/page"}],"author":[{"embeddable":true,"href":"https:\/\/lartaly.com\/en\/wp-json\/wp\/v2\/users\/2"}],"replies":[{"embeddable":true,"href":"https:\/\/lartaly.com\/en\/wp-json\/wp\/v2\/comments?post=1040"}],"version-history":[{"count":158,"href":"https:\/\/lartaly.com\/en\/wp-json\/wp\/v2\/pages\/1040\/revisions"}],"predecessor-version":[{"id":6530,"href":"https:\/\/lartaly.com\/en\/wp-json\/wp\/v2\/pages\/1040\/revisions\/6530"}],"wp:attachment":[{"href":"https:\/\/lartaly.com\/en\/wp-json\/wp\/v2\/media?parent=1040"}],"curies":[{"name":"wp","href":"https:\/\/api.w.org\/{rel}","templated":true}]}}